{"id":38396,"date":"2024-09-29T06:35:20","date_gmt":"2024-09-29T06:35:20","guid":{"rendered":"https:\/\/eulerds.com\/industries\/law-enforcement-intelligence-agencies\/"},"modified":"2026-03-10T09:26:16","modified_gmt":"2026-03-10T09:26:16","slug":"agences-de-renseignement-et-forces-de-lordre","status":"publish","type":"page","link":"https:\/\/eulerds.com\/fr\/nos-clients\/agences-de-renseignement-et-forces-de-lordre\/","title":{"rendered":"Agences de renseignement et Forces de l\u2019ordre"},"content":{"rendered":"\t\t<div data-elementor-type=\"wp-page\" data-elementor-id=\"38396\" class=\"elementor elementor-38396 elementor-169\" data-elementor-post-type=\"page\">\n\t\t\t\t<div class=\"no-position  elementor-element elementor-element-aa91a00 e-con-full e-flex e-con e-parent\" data-id=\"aa91a00\" data-element_type=\"container\" data-e-type=\"container\" data-settings=\"{&quot;background_background&quot;:&quot;classic&quot;}\">\n\t\t\t\t<div class=\"elementor-element elementor-element-707122b elementor-absolute gsap-move-no rs-tween_max_btn-no elementor-widget elementor-widget-rs-image\" data-id=\"707122b\" data-element_type=\"widget\" data-e-type=\"widget\" data-settings=\"{&quot;_position&quot;:&quot;absolute&quot;}\" data-widget_type=\"rs-image.default\">\n\t\t\t\t<div class=\"elementor-widget-container\">\n\t\t\t\t\t\n        <div class=\"rs-image no ruler_image_no ruler_position_  \">\n                                                            <img decoding=\"async\" class=\"rs-multi-image  reverse- blend_unset\" src=\"http:\/\/techtlk.rstheme.com\/wp-content\/uploads\/2025\/01\/page-banner-shape-2.png\" alt=\"page-banner-shape-2\"\/>\n                                                                        <\/div>   \n          \n    \t\t\t\t<\/div>\n\t\t\t\t<\/div>\n\t\t\t\t<div class=\"elementor-element elementor-element-b35a848 gsap-move-no rs-tween_max_btn-no elementor-widget elementor-widget-page-title\" data-id=\"b35a848\" data-element_type=\"widget\" data-e-type=\"widget\" data-widget_type=\"page-title.default\">\n\t\t\t\t<div class=\"elementor-widget-container\">\n\t\t\t\t\t\t\t\n\t\t<div class=\"hfe-page-title hfe-page-title-wrapper elementor-widget-heading\">\n\t\t\t\n\t\t\t<h1 class=\"elementor-heading-title elementor-size\">\n\t\t\t\tAgences de renseignement et Forces de l\u2019ordre\t\t\t<\/h1 > \n\n\t\t\t\t\t\t\t\t<\/div>\n\t\t\t\t\t\t<\/div>\n\t\t\t\t<\/div>\n\t\t\t\t<\/div>\n\t\t<div class=\"no-position  elementor-element elementor-element-468dd0b e-flex e-con-boxed e-con e-parent\" data-id=\"468dd0b\" data-element_type=\"container\" data-e-type=\"container\">\n\t\t\t\t\t<div class=\"e-con-inner\">\n\t\t\t\t<div class=\"elementor-element elementor-element-169f60b gsap-move-no rs-tween_max_btn-no elementor-widget elementor-widget-heading\" data-id=\"169f60b\" data-element_type=\"widget\" data-e-type=\"widget\" data-widget_type=\"heading.default\">\n\t\t\t\t\t<h2 class=\"elementor-heading-title elementor-size-default\">De la donn\u00e9e \u00e0 la d\u00e9cision : optimiser le cycle complet du renseignement<\/h2>\t\t\t\t<\/div>\n\t\t\t\t<div class=\"elementor-element elementor-element-d3ec851 gsap-move-no rs-tween_max_btn-no elementor-widget elementor-widget-text-editor\" data-id=\"d3ec851\" data-element_type=\"widget\" data-e-type=\"widget\" data-widget_type=\"text-editor.default\">\n\t\t\t\t\t\t\t\t\t<p>Dans les environnements critiques, chaque seconde compte\u00a0:\u00a0nous offrons toute la technologie n\u00e9cessaire pour alimenter l&rsquo;ensemble du cycle du renseignement, transformant l\u2019arriv\u00e9e massive de donn\u00e9es en un flux clair d&rsquo;informations exploitables.<\/p><p>Nous proposons des plateformes d\u2019enqu\u00eate centralis\u00e9es bas\u00e9es sur l\u2019IA et des centres de fusion du renseignement destin\u00e9es aux Forces de l\u2019ordre et les Agences de renseignement.<\/p><p>Nos plateformes sont souveraines, \u00e9volutives et s\u00e9curis\u00e9es. \u00a0Elles sont con\u00e7ues pour automatiser les flux de travail de renseignement, faciliter une collaboration s\u00e9curis\u00e9e au sein des structures ou agences. Elles permettent d\u2019ing\u00e9rer et de corr\u00e9ler\u00a0automatiquement de vastes ensembles de donn\u00e9es h\u00e9t\u00e9rog\u00e8nes (du <strong>COMINT<\/strong> \u00e0 <strong>l\u2019OSINT<\/strong> en passant par le <strong>HUMINT<\/strong>, le <strong>FININT<\/strong>, le <strong>SIGINT<\/strong> et les donn\u00e9es forensiques) pour r\u00e9pondre ainsi aux demandes de nos clients les plus exigeants.<\/p><p>Nos plateformes permettent d\u2019obtenir\u00a0une vue \u00e0 la fois\u00a0unique et compl\u00e8te, offrant aux analystes comme aux enqu\u00eateurs les outils n\u00e9cessaires\u00a0pour cartographier des r\u00e9seaux complexes, d\u00e9tecter les menaces \u00e9mergentes et prendre des d\u00e9cisions en toute confiance \u00e0 la vitesse de traitement requise du renseignement.\u00a0<\/p>\t\t\t\t\t\t\t\t<\/div>\n\t\t<div class=\"no-position  elementor-element elementor-element-074c7f1 e-con-full e-flex e-con e-child\" data-id=\"074c7f1\" data-element_type=\"container\" data-e-type=\"container\">\n\t\t\t\t<div class=\"elementor-element elementor-element-13a0e1a gsap-move-no rs-tween_max_btn-no elementor-widget elementor-widget-heading\" data-id=\"13a0e1a\" data-element_type=\"widget\" data-e-type=\"widget\" data-widget_type=\"heading.default\">\n\t\t\t\t\t<h2 class=\"elementor-heading-title elementor-size-default\">Applications Principales<\/h2>\t\t\t\t<\/div>\n\t\t\t\t<\/div>\n\t\t\t\t\t<\/div>\n\t\t\t\t<\/div>\n\t\t<div class=\"no-position  elementor-element elementor-element-a5821fa e-flex e-con-boxed e-con e-parent\" data-id=\"a5821fa\" data-element_type=\"container\" data-e-type=\"container\">\n\t\t\t\t\t<div class=\"e-con-inner\">\n\t\t<div class=\"no-position  elementor-element elementor-element-0c26700 e-con-full e-flex e-con e-child\" data-id=\"0c26700\" data-element_type=\"container\" data-e-type=\"container\">\n\t\t<div class=\"no-position  elementor-element elementor-element-6f12c69 e-con-full e-flex e-con e-child\" data-id=\"6f12c69\" data-element_type=\"container\" data-e-type=\"container\">\n\t\t\t\t<div class=\"elementor-element elementor-element-12bd48e gsap-move-no rs-tween_max_btn-no elementor-widget elementor-widget-rs-service-grid\" data-id=\"12bd48e\" data-element_type=\"widget\" data-e-type=\"widget\" data-widget_type=\"rs-service-grid.default\">\n\t\t\t\t<div class=\"elementor-widget-container\">\n\t\t\t\t\t\r\n\t\t<div class=\"rs-addon-services style1\">\r\n\t\t\t<div class=\"services-inner  box\">\r\n    \r\n    <div class=\"content_part\">\r\n\r\n                    <div class=\"media_wrap\">\r\n                                    \r\n                                            <div class=\"image_style media-cmn\">\r\n                            <img decoding=\"async\" src=\"https:\/\/eulerds.com\/wp-content\/uploads\/2025\/08\/fusion-center.png\" alt=\"image\" \/>\r\n                        <\/div>\r\n                                                <\/div>\r\n                            <div class=\"services-title\">\r\n                                    <h4 class=\"title\"> Fusion de renseignements multi-sources <\/h4>\r\n                            <\/div>\r\n        \r\n        \r\n        \r\n            <\/div>\r\n<\/div>\t\t<\/div>\r\n\r\n\t\t\t\t<\/div>\n\t\t\t\t<\/div>\n\t\t\t\t<\/div>\n\t\t<div class=\"no-position  elementor-element elementor-element-a1f44db e-con-full e-flex e-con e-child\" data-id=\"a1f44db\" data-element_type=\"container\" data-e-type=\"container\">\n\t\t\t\t<div class=\"elementor-element elementor-element-9e10d25 gsap-move-no rs-tween_max_btn-no elementor-widget elementor-widget-rs-service-grid\" data-id=\"9e10d25\" data-element_type=\"widget\" data-e-type=\"widget\" data-widget_type=\"rs-service-grid.default\">\n\t\t\t\t<div class=\"elementor-widget-container\">\n\t\t\t\t\t\r\n\t\t<div class=\"rs-addon-services style1\">\r\n\t\t\t<div class=\"services-inner  box\">\r\n    \r\n    <div class=\"content_part\">\r\n\r\n                    <div class=\"media_wrap\">\r\n                                    \r\n                                            <div class=\"image_style media-cmn\">\r\n                            <img decoding=\"async\" src=\"https:\/\/eulerds.com\/wp-content\/uploads\/2025\/08\/data-exploration-and-analysis.png\" alt=\"image\" \/>\r\n                        <\/div>\r\n                                                <\/div>\r\n                            <div class=\"services-title\">\r\n                                    <h4 class=\"title\"> Plateforme centrale d\u2019enqu\u00eate <\/h4>\r\n                            <\/div>\r\n        \r\n        \r\n        \r\n            <\/div>\r\n<\/div>\t\t<\/div>\r\n\r\n\t\t\t\t<\/div>\n\t\t\t\t<\/div>\n\t\t\t\t<\/div>\n\t\t<div class=\"no-position  elementor-element elementor-element-3504e41 e-con-full e-flex e-con e-child\" data-id=\"3504e41\" data-element_type=\"container\" data-e-type=\"container\">\n\t\t\t\t<div class=\"elementor-element elementor-element-59cae7e gsap-move-no rs-tween_max_btn-no elementor-widget elementor-widget-rs-service-grid\" data-id=\"59cae7e\" data-element_type=\"widget\" data-e-type=\"widget\" data-widget_type=\"rs-service-grid.default\">\n\t\t\t\t<div class=\"elementor-widget-container\">\n\t\t\t\t\t\r\n\t\t<div class=\"rs-addon-services style1\">\r\n\t\t\t<div class=\"services-inner  box\">\r\n    \r\n    <div class=\"content_part\">\r\n\r\n                    <div class=\"media_wrap\">\r\n                                    \r\n                                            <div class=\"image_style media-cmn\">\r\n                            <img decoding=\"async\" src=\"https:\/\/eulerds.com\/wp-content\/uploads\/2025\/08\/socmint.png\" alt=\"image\" \/>\r\n                        <\/div>\r\n                                                <\/div>\r\n                            <div class=\"services-title\">\r\n                                    <h4 class=\"title\"> Enqu\u00eates sur le cyberespace, l\u2019OSINT, les r\u00e9seaux sociaux et la cybercriminalit\u00e9<\/h4>\r\n                            <\/div>\r\n        \r\n        \r\n        \r\n            <\/div>\r\n<\/div>\t\t<\/div>\r\n\r\n\t\t\t\t<\/div>\n\t\t\t\t<\/div>\n\t\t\t\t<\/div>\n\t\t\t\t<\/div>\n\t\t\t\t\t<\/div>\n\t\t\t\t<\/div>\n\t\t<div class=\"no-position  elementor-element elementor-element-bdae563 e-flex e-con-boxed e-con e-parent\" data-id=\"bdae563\" data-element_type=\"container\" data-e-type=\"container\">\n\t\t\t\t\t<div class=\"e-con-inner\">\n\t\t\t\t<div class=\"elementor-element elementor-element-cb91e92 gsap-move-no rs-tween_max_btn-no elementor-widget elementor-widget-heading\" data-id=\"cb91e92\" data-element_type=\"widget\" data-e-type=\"widget\" data-widget_type=\"heading.default\">\n\t\t\t\t\t<h2 class=\"elementor-heading-title elementor-size-default\">Nos Produits<\/h2>\t\t\t\t<\/div>\n\t\t\t\t\t<\/div>\n\t\t\t\t<\/div>\n\t\t<div class=\"no-position  elementor-element elementor-element-5099ed7 e-flex e-con-boxed e-con e-parent\" data-id=\"5099ed7\" data-element_type=\"container\" data-e-type=\"container\" id=\"Services\">\n\t\t\t\t\t<div class=\"e-con-inner\">\n\t\t<div class=\"no-position  elementor-element elementor-element-2893e06 e-con-full e-flex e-con e-child\" data-id=\"2893e06\" data-element_type=\"container\" data-e-type=\"container\">\n\t\t<div class=\"no-position  elementor-element elementor-element-bd3322e e-con-full e-flex e-con e-child\" data-id=\"bd3322e\" data-element_type=\"container\" data-e-type=\"container\">\n\t\t<div class=\"no-position  elementor-element elementor-element-18ca96f e-con-full e-flex e-con e-child\" data-id=\"18ca96f\" data-element_type=\"container\" data-e-type=\"container\">\n\t\t\t\t<div class=\"elementor-element elementor-element-268dfb0 elementor-widget-tablet__width-initial elementor-widget-mobile__width-initial gsap-move-no rs-tween_max_btn-no elementor-widget elementor-widget-rs-service-grid\" data-id=\"268dfb0\" data-element_type=\"widget\" data-e-type=\"widget\" data-widget_type=\"rs-service-grid.default\">\n\t\t\t\t<div class=\"elementor-widget-container\">\n\t\t\t\t\t\r\n\t\t<div class=\"rs-addon-services style13\">\r\n\t\t\t<div class=\"services-inner  link\">\r\n    \r\n    <div class=\"content_part\">\r\n        \r\n                    <div class=\"services-title\">\r\n                                    <h4 class=\"title\"> INTEGRA<\/h4>\r\n                            <\/div>\r\n        \r\n                    <div class=\"desc-text\">\r\n                Plateforme Centrale d'Enqu\u00eate et de Fusion du Renseignement            <\/div>\r\n        \r\n        \r\n                    <div class=\"btn-part\">\r\n                                <a class=\"services-btn\" href=\"https:\/\/eulerds.com\/fr\/our-products\/integra\/\" >\r\n                                        En Savoir Plus                                        <svg aria-hidden=\"true\" class=\"e-font-icon-svg e-fas-angle-right\" viewBox=\"0 0 256 512\" xmlns=\"http:\/\/www.w3.org\/2000\/svg\"><path d=\"M224.3 273l-136 136c-9.4 9.4-24.6 9.4-33.9 0l-22.6-22.6c-9.4-9.4-9.4-24.6 0-33.9l96.4-96.4-96.4-96.4c-9.4-9.4-9.4-24.6 0-33.9L54.3 103c9.4-9.4 24.6-9.4 33.9 0l136 136c9.5 9.4 9.5 24.6.1 34z\"><\/path><\/svg>                <\/a>\r\n            <\/div>\r\n            <\/div>\r\n\r\n    <\/div>\t\t<\/div>\r\n\r\n\t\t\t\t<\/div>\n\t\t\t\t<\/div>\n\t\t\t\t<\/div>\n\t\t<div class=\"no-position  elementor-element elementor-element-062c0a7 e-con-full e-flex e-con e-child\" data-id=\"062c0a7\" data-element_type=\"container\" data-e-type=\"container\">\n\t\t\t\t<div class=\"elementor-element elementor-element-59044cf elementor-widget-tablet__width-initial elementor-widget-mobile__width-initial gsap-move-no rs-tween_max_btn-no elementor-widget elementor-widget-rs-service-grid\" data-id=\"59044cf\" data-element_type=\"widget\" data-e-type=\"widget\" data-widget_type=\"rs-service-grid.default\">\n\t\t\t\t<div class=\"elementor-widget-container\">\n\t\t\t\t\t\r\n\t\t<div class=\"rs-addon-services style13\">\r\n\t\t\t<div class=\"services-inner  link\">\r\n    \r\n    <div class=\"content_part\">\r\n        \r\n                    <div class=\"services-title\">\r\n                                    <h4 class=\"title\"> CYBERMEDIA<\/h4>\r\n                            <\/div>\r\n        \r\n                    <div class=\"desc-text\">\r\n                Plateforme d'Exploration et d'Investigation du Cyberespace            <\/div>\r\n        \r\n        \r\n                    <div class=\"btn-part\">\r\n                                <a class=\"services-btn\" href=\"https:\/\/eulerds.com\/fr\/our-products\/cybermedia\/\" >\r\n                                        En Savoir Plus                                        <svg aria-hidden=\"true\" class=\"e-font-icon-svg e-fas-angle-right\" viewBox=\"0 0 256 512\" xmlns=\"http:\/\/www.w3.org\/2000\/svg\"><path d=\"M224.3 273l-136 136c-9.4 9.4-24.6 9.4-33.9 0l-22.6-22.6c-9.4-9.4-9.4-24.6 0-33.9l96.4-96.4-96.4-96.4c-9.4-9.4-9.4-24.6 0-33.9L54.3 103c9.4-9.4 24.6-9.4 33.9 0l136 136c9.5 9.4 9.5 24.6.1 34z\"><\/path><\/svg>                <\/a>\r\n            <\/div>\r\n            <\/div>\r\n\r\n    <\/div>\t\t<\/div>\r\n\r\n\t\t\t\t<\/div>\n\t\t\t\t<\/div>\n\t\t\t\t<\/div>\n\t\t<div class=\"no-position  elementor-element elementor-element-9724359 e-con-full e-flex e-con e-child\" data-id=\"9724359\" data-element_type=\"container\" data-e-type=\"container\">\n\t\t\t\t<div class=\"elementor-element elementor-element-cc2cbc0 elementor-widget-tablet__width-initial elementor-widget-mobile__width-initial elementor-hidden-desktop elementor-hidden-laptop elementor-hidden-tablet elementor-hidden-mobile gsap-move-no rs-tween_max_btn-no elementor-widget elementor-widget-rs-service-grid\" data-id=\"cc2cbc0\" data-element_type=\"widget\" data-e-type=\"widget\" data-widget_type=\"rs-service-grid.default\">\n\t\t\t\t<div class=\"elementor-widget-container\">\n\t\t\t\t\t\r\n\t\t<div class=\"rs-addon-services style13\">\r\n\t\t\t<div class=\"services-inner  link\">\r\n    \r\n    <div class=\"content_part\">\r\n        \r\n                    <div class=\"services-title\">\r\n                                    <h4 class=\"title\"> EVIDIA<\/h4>\r\n                            <\/div>\r\n        \r\n                    <div class=\"desc-text\">\r\n                Plateforme d'Enqu\u00eate et de Fusion du Renseignement en Cybers\u00e9curit\u00e9            <\/div>\r\n        \r\n        \r\n                    <div class=\"btn-part\">\r\n                                <a class=\"services-btn\" href=\"https:\/\/eulerds.com\/fr\/our-products\/evidia\/\" >\r\n                                        En Savoir Plus                                        <svg aria-hidden=\"true\" class=\"e-font-icon-svg e-fas-angle-right\" viewBox=\"0 0 256 512\" xmlns=\"http:\/\/www.w3.org\/2000\/svg\"><path d=\"M224.3 273l-136 136c-9.4 9.4-24.6 9.4-33.9 0l-22.6-22.6c-9.4-9.4-9.4-24.6 0-33.9l96.4-96.4-96.4-96.4c-9.4-9.4-9.4-24.6 0-33.9L54.3 103c9.4-9.4 24.6-9.4 33.9 0l136 136c9.5 9.4 9.5 24.6.1 34z\"><\/path><\/svg>                <\/a>\r\n            <\/div>\r\n            <\/div>\r\n\r\n    <\/div>\t\t<\/div>\r\n\r\n\t\t\t\t<\/div>\n\t\t\t\t<\/div>\n\t\t\t\t<\/div>\n\t\t\t\t<\/div>\n\t\t\t\t<\/div>\n\t\t\t\t\t<\/div>\n\t\t\t\t<\/div>\n\t\t<div class=\"no-position  elementor-element elementor-element-d03bbf4 elementor-hidden-desktop elementor-hidden-laptop elementor-hidden-tablet elementor-hidden-mobile e-flex e-con-boxed e-con e-parent\" data-id=\"d03bbf4\" data-element_type=\"container\" data-e-type=\"container\">\n\t\t\t\t\t<div class=\"e-con-inner\">\n\t\t\t\t<div class=\"elementor-element elementor-element-9d5f699 gsap-move-no rs-tween_max_btn-no elementor-widget elementor-widget-heading\" data-id=\"9d5f699\" data-element_type=\"widget\" data-e-type=\"widget\" data-widget_type=\"heading.default\">\n\t\t\t\t\t<h2 class=\"elementor-heading-title elementor-size-default\">Overview<\/h2>\t\t\t\t<\/div>\n\t\t\t\t<div class=\"elementor-element elementor-element-24794ff gsap-move-no rs-tween_max_btn-no elementor-widget elementor-widget-video\" data-id=\"24794ff\" data-element_type=\"widget\" data-e-type=\"widget\" data-settings=\"{&quot;youtube_url&quot;:&quot;https:\\\/\\\/www.youtube.com\\\/watch?v=XHOmBV4js_E&quot;,&quot;video_type&quot;:&quot;youtube&quot;,&quot;controls&quot;:&quot;yes&quot;}\" data-widget_type=\"video.default\">\n\t\t\t\t\t\t\t<div class=\"elementor-wrapper elementor-open-inline\">\n\t\t\t<div class=\"elementor-video\"><\/div>\t\t<\/div>\n\t\t\t\t\t\t<\/div>\n\t\t\t\t\t<\/div>\n\t\t\t\t<\/div>\n\t\t\t\t<\/div>\n\t\t","protected":false},"excerpt":{"rendered":"<p>Agences de renseignement et Forces de l\u2019ordre De la donn\u00e9e \u00e0 la d\u00e9cision : optimiser le cycle complet du renseignement Dans les environnements critiques, chaque seconde compte\u00a0:\u00a0nous offrons toute la technologie n\u00e9cessaire pour alimenter l&rsquo;ensemble du cycle du renseignement, transformant l\u2019arriv\u00e9e massive de donn\u00e9es en un flux clair d&rsquo;informations exploitables. Nous proposons des plateformes d\u2019enqu\u00eate&#8230;<\/p>\n","protected":false},"author":2,"featured_media":0,"parent":38341,"menu_order":0,"comment_status":"closed","ping_status":"closed","template":"elementor_header_footer","meta":{"footnotes":""},"class_list":["post-38396","page","type-page","status-publish","hentry"],"aioseo_notices":[],"_links":{"self":[{"href":"https:\/\/eulerds.com\/fr\/wp-json\/wp\/v2\/pages\/38396","targetHints":{"allow":["GET"]}}],"collection":[{"href":"https:\/\/eulerds.com\/fr\/wp-json\/wp\/v2\/pages"}],"about":[{"href":"https:\/\/eulerds.com\/fr\/wp-json\/wp\/v2\/types\/page"}],"author":[{"embeddable":true,"href":"https:\/\/eulerds.com\/fr\/wp-json\/wp\/v2\/users\/2"}],"replies":[{"embeddable":true,"href":"https:\/\/eulerds.com\/fr\/wp-json\/wp\/v2\/comments?post=38396"}],"version-history":[{"count":45,"href":"https:\/\/eulerds.com\/fr\/wp-json\/wp\/v2\/pages\/38396\/revisions"}],"predecessor-version":[{"id":40321,"href":"https:\/\/eulerds.com\/fr\/wp-json\/wp\/v2\/pages\/38396\/revisions\/40321"}],"up":[{"embeddable":true,"href":"https:\/\/eulerds.com\/fr\/wp-json\/wp\/v2\/pages\/38341"}],"wp:attachment":[{"href":"https:\/\/eulerds.com\/fr\/wp-json\/wp\/v2\/media?parent=38396"}],"curies":[{"name":"wp","href":"https:\/\/api.w.org\/{rel}","templated":true}]}}