{"id":38385,"date":"2025-07-14T13:22:10","date_gmt":"2025-07-14T13:22:10","guid":{"rendered":"https:\/\/eulerds.com\/industries\/public-sector\/"},"modified":"2025-10-24T13:00:45","modified_gmt":"2025-10-24T13:00:45","slug":"secteur-public","status":"publish","type":"page","link":"https:\/\/eulerds.com\/fr\/nos-clients\/secteur-public\/","title":{"rendered":"Secteur Public"},"content":{"rendered":"\t\t<div data-elementor-type=\"wp-page\" data-elementor-id=\"38385\" class=\"elementor elementor-38385 elementor-34887\" data-elementor-post-type=\"page\">\n\t\t\t\t<div class=\"no-position  elementor-element elementor-element-aa91a00 e-con-full e-flex e-con e-parent\" data-id=\"aa91a00\" data-element_type=\"container\" data-e-type=\"container\" data-settings=\"{&quot;background_background&quot;:&quot;classic&quot;}\">\n\t\t\t\t<div class=\"elementor-element elementor-element-707122b elementor-absolute gsap-move-no rs-tween_max_btn-no elementor-widget elementor-widget-rs-image\" data-id=\"707122b\" data-element_type=\"widget\" data-e-type=\"widget\" data-settings=\"{&quot;_position&quot;:&quot;absolute&quot;}\" data-widget_type=\"rs-image.default\">\n\t\t\t\t<div class=\"elementor-widget-container\">\n\t\t\t\t\t\n        <div class=\"rs-image no ruler_image_no ruler_position_  \">\n                                                            <img decoding=\"async\" class=\"rs-multi-image  reverse- blend_unset\" src=\"http:\/\/techtlk.rstheme.com\/wp-content\/uploads\/2025\/01\/page-banner-shape-2.png\" alt=\"page-banner-shape-2\"\/>\n                                                                        <\/div>   \n          \n    \t\t\t\t<\/div>\n\t\t\t\t<\/div>\n\t\t\t\t<div class=\"elementor-element elementor-element-b35a848 gsap-move-no rs-tween_max_btn-no elementor-widget elementor-widget-page-title\" data-id=\"b35a848\" data-element_type=\"widget\" data-e-type=\"widget\" data-widget_type=\"page-title.default\">\n\t\t\t\t<div class=\"elementor-widget-container\">\n\t\t\t\t\t\t\t\n\t\t<div class=\"hfe-page-title hfe-page-title-wrapper elementor-widget-heading\">\n\t\t\t\n\t\t\t<h1 class=\"elementor-heading-title elementor-size\">\n\t\t\t\tSecteur Public\t\t\t<\/h1 > \n\n\t\t\t\t\t\t\t\t<\/div>\n\t\t\t\t\t\t<\/div>\n\t\t\t\t<\/div>\n\t\t\t\t<\/div>\n\t\t<div class=\"no-position  elementor-element elementor-element-468dd0b e-flex e-con-boxed e-con e-parent\" data-id=\"468dd0b\" data-element_type=\"container\" data-e-type=\"container\">\n\t\t\t\t\t<div class=\"e-con-inner\">\n\t\t\t\t<div class=\"elementor-element elementor-element-169f60b gsap-move-no rs-tween_max_btn-no elementor-widget elementor-widget-heading\" data-id=\"169f60b\" data-element_type=\"widget\" data-e-type=\"widget\" data-widget_type=\"heading.default\">\n\t\t\t\t\t<h2 class=\"elementor-heading-title elementor-size-default\">Lutter contre la fraude et la corruption publique<\/h2>\t\t\t\t<\/div>\n\t\t\t\t<div class=\"elementor-element elementor-element-d3ec851 gsap-move-no rs-tween_max_btn-no elementor-widget elementor-widget-text-editor\" data-id=\"d3ec851\" data-element_type=\"widget\" data-e-type=\"widget\" data-widget_type=\"text-editor.default\">\n\t\t\t\t\t\t\t\t\t<p><span data-contrast=\"none\">Nous donnons aux agences gouvernementales et aux r\u00e9gulateurs les moyens de prot\u00e9ger les ressources publiques et d&rsquo;assurer la transparence. Notre plateforme les aide \u00e0 d\u00e9tecter et \u00e0 enqu\u00eater sur divers types de fraude, y compris la fraude fiscale, douani\u00e8re et sociale, et \u00e0 g\u00e9rer des affaires complexes de lutte contre la corruption.<\/span><span data-ccp-props=\"{&quot;201341983&quot;:0,&quot;335559739&quot;:240,&quot;335559740&quot;:276}\">\u00a0<\/span><\/p><p><span data-contrast=\"none\">En permettant aux organismes du secteur public d&rsquo;explorer et de corr\u00e9ler de vastes volumes de donn\u00e9es h\u00e9t\u00e9rog\u00e8nes, nous fournissons des informations pr\u00e9dictives, optimisons les r\u00e9sultats et r\u00e9v\u00e9lons des relations cach\u00e9es qui sont essentielles \u00e0 la sauvegarde des fonds publics.<\/span><span data-ccp-props=\"{&quot;201341983&quot;:0,&quot;335559739&quot;:240,&quot;335559740&quot;:276}\">\u00a0<\/span><\/p>\t\t\t\t\t\t\t\t<\/div>\n\t\t<div class=\"no-position  elementor-element elementor-element-074c7f1 e-con-full e-flex e-con e-child\" data-id=\"074c7f1\" data-element_type=\"container\" data-e-type=\"container\">\n\t\t\t\t<div class=\"elementor-element elementor-element-13a0e1a gsap-move-no rs-tween_max_btn-no elementor-widget elementor-widget-heading\" data-id=\"13a0e1a\" data-element_type=\"widget\" data-e-type=\"widget\" data-widget_type=\"heading.default\">\n\t\t\t\t\t<h2 class=\"elementor-heading-title elementor-size-default\">Applications Principales<\/h2>\t\t\t\t<\/div>\n\t\t\t\t<\/div>\n\t\t\t\t\t<\/div>\n\t\t\t\t<\/div>\n\t\t<div class=\"no-position  elementor-element elementor-element-a5821fa e-flex e-con-boxed e-con e-parent\" data-id=\"a5821fa\" data-element_type=\"container\" data-e-type=\"container\">\n\t\t\t\t\t<div class=\"e-con-inner\">\n\t\t<div class=\"no-position  elementor-element elementor-element-0c26700 e-con-full e-flex e-con e-child\" data-id=\"0c26700\" data-element_type=\"container\" data-e-type=\"container\">\n\t\t<div class=\"no-position  elementor-element elementor-element-6f12c69 e-con-full e-flex e-con e-child\" data-id=\"6f12c69\" data-element_type=\"container\" data-e-type=\"container\">\n\t\t\t\t<div class=\"elementor-element elementor-element-12bd48e gsap-move-no rs-tween_max_btn-no elementor-widget elementor-widget-rs-service-grid\" data-id=\"12bd48e\" data-element_type=\"widget\" data-e-type=\"widget\" data-widget_type=\"rs-service-grid.default\">\n\t\t\t\t<div class=\"elementor-widget-container\">\n\t\t\t\t\t\r\n\t\t<div class=\"rs-addon-services style1\">\r\n\t\t\t<div class=\"services-inner  box\">\r\n    \r\n    <div class=\"content_part\">\r\n\r\n                    <div class=\"media_wrap\">\r\n                                    \r\n                                            <div class=\"image_style media-cmn\">\r\n                            <img decoding=\"async\" src=\"https:\/\/eulerds.com\/wp-content\/uploads\/2025\/08\/Fraud-2.png\" alt=\"image\" \/>\r\n                        <\/div>\r\n                                                <\/div>\r\n                            <div class=\"services-title\">\r\n                                    <h4 class=\"title\"> Enqu\u00eates sur la criminalit\u00e9 \u00e9conomique<\/h4>\r\n                            <\/div>\r\n        \r\n        \r\n        \r\n            <\/div>\r\n<\/div>\t\t<\/div>\r\n\r\n\t\t\t\t<\/div>\n\t\t\t\t<\/div>\n\t\t\t\t<\/div>\n\t\t<div class=\"no-position  elementor-element elementor-element-a1f44db e-con-full e-flex e-con e-child\" data-id=\"a1f44db\" data-element_type=\"container\" data-e-type=\"container\">\n\t\t\t\t<div class=\"elementor-element elementor-element-9e10d25 gsap-move-no rs-tween_max_btn-no elementor-widget elementor-widget-rs-service-grid\" data-id=\"9e10d25\" data-element_type=\"widget\" data-e-type=\"widget\" data-widget_type=\"rs-service-grid.default\">\n\t\t\t\t<div class=\"elementor-widget-container\">\n\t\t\t\t\t\r\n\t\t<div class=\"rs-addon-services style1\">\r\n\t\t\t<div class=\"services-inner  box\">\r\n    \r\n    <div class=\"content_part\">\r\n\r\n                    <div class=\"media_wrap\">\r\n                                    \r\n                                            <div class=\"image_style media-cmn\">\r\n                            <img decoding=\"async\" src=\"https:\/\/eulerds.com\/wp-content\/uploads\/2025\/08\/corruption.png\" alt=\"image\" \/>\r\n                        <\/div>\r\n                                                <\/div>\r\n                            <div class=\"services-title\">\r\n                                    <h4 class=\"title\"> Enqu\u00eates anti-corruption<\/h4>\r\n                            <\/div>\r\n        \r\n        \r\n        \r\n            <\/div>\r\n<\/div>\t\t<\/div>\r\n\r\n\t\t\t\t<\/div>\n\t\t\t\t<\/div>\n\t\t\t\t<\/div>\n\t\t<div class=\"no-position  elementor-element elementor-element-3504e41 e-con-full e-flex e-con e-child\" data-id=\"3504e41\" data-element_type=\"container\" data-e-type=\"container\">\n\t\t\t\t<div class=\"elementor-element elementor-element-59cae7e gsap-move-no rs-tween_max_btn-no elementor-widget elementor-widget-rs-service-grid\" data-id=\"59cae7e\" data-element_type=\"widget\" data-e-type=\"widget\" data-widget_type=\"rs-service-grid.default\">\n\t\t\t\t<div class=\"elementor-widget-container\">\n\t\t\t\t\t\r\n\t\t<div class=\"rs-addon-services style1\">\r\n\t\t\t<div class=\"services-inner  box\">\r\n    \r\n    <div class=\"content_part\">\r\n\r\n                    <div class=\"media_wrap\">\r\n                                    \r\n                                            <div class=\"image_style media-cmn\">\r\n                            <img decoding=\"async\" src=\"https:\/\/eulerds.com\/wp-content\/uploads\/2025\/08\/social-welfare.png\" alt=\"image\" \/>\r\n                        <\/div>\r\n                                                <\/div>\r\n                            <div class=\"services-title\">\r\n                                    <h4 class=\"title\"> Enqu\u00eates sur la fraude sociale<\/h4>\r\n                            <\/div>\r\n        \r\n        \r\n        \r\n            <\/div>\r\n<\/div>\t\t<\/div>\r\n\r\n\t\t\t\t<\/div>\n\t\t\t\t<\/div>\n\t\t\t\t<\/div>\n\t\t<div class=\"no-position  elementor-element elementor-element-f777293 e-con-full e-flex e-con e-child\" data-id=\"f777293\" data-element_type=\"container\" data-e-type=\"container\">\n\t\t\t\t<div class=\"elementor-element elementor-element-930d087 gsap-move-no rs-tween_max_btn-no elementor-widget elementor-widget-rs-service-grid\" data-id=\"930d087\" data-element_type=\"widget\" data-e-type=\"widget\" data-widget_type=\"rs-service-grid.default\">\n\t\t\t\t<div class=\"elementor-widget-container\">\n\t\t\t\t\t\r\n\t\t<div class=\"rs-addon-services style1\">\r\n\t\t\t<div class=\"services-inner  box\">\r\n    \r\n    <div class=\"content_part\">\r\n\r\n                    <div class=\"media_wrap\">\r\n                                    \r\n                                            <div class=\"image_style media-cmn\">\r\n                            <img decoding=\"async\" src=\"https:\/\/eulerds.com\/wp-content\/uploads\/2025\/08\/public-funds.png\" alt=\"image\" \/>\r\n                        <\/div>\r\n                                                <\/div>\r\n                            <div class=\"services-title\">\r\n                                    <h4 class=\"title\"> D\u00e9tournement de fonds publics <\/h4>\r\n                            <\/div>\r\n        \r\n        \r\n        \r\n            <\/div>\r\n<\/div>\t\t<\/div>\r\n\r\n\t\t\t\t<\/div>\n\t\t\t\t<\/div>\n\t\t\t\t<\/div>\n\t\t<div class=\"no-position  elementor-element elementor-element-12fc852 e-con-full e-flex e-con e-child\" data-id=\"12fc852\" data-element_type=\"container\" data-e-type=\"container\">\n\t\t\t\t<div class=\"elementor-element elementor-element-ad8ea78 gsap-move-no rs-tween_max_btn-no elementor-widget elementor-widget-rs-service-grid\" data-id=\"ad8ea78\" data-element_type=\"widget\" data-e-type=\"widget\" data-widget_type=\"rs-service-grid.default\">\n\t\t\t\t<div class=\"elementor-widget-container\">\n\t\t\t\t\t\r\n\t\t<div class=\"rs-addon-services style1\">\r\n\t\t\t<div class=\"services-inner  box\">\r\n    \r\n    <div class=\"content_part\">\r\n\r\n                    <div class=\"media_wrap\">\r\n                                    \r\n                                            <div class=\"image_style media-cmn\">\r\n                            <img decoding=\"async\" src=\"https:\/\/eulerds.com\/wp-content\/uploads\/2025\/08\/tax-fraud-1.png\" alt=\"image\" \/>\r\n                        <\/div>\r\n                                                <\/div>\r\n                            <div class=\"services-title\">\r\n                                    <h4 class=\"title\"> Enqu\u00eates fiscales et douani\u00e8res<\/h4>\r\n                            <\/div>\r\n        \r\n        \r\n        \r\n            <\/div>\r\n<\/div>\t\t<\/div>\r\n\r\n\t\t\t\t<\/div>\n\t\t\t\t<\/div>\n\t\t\t\t<\/div>\n\t\t\t\t<\/div>\n\t\t\t\t\t<\/div>\n\t\t\t\t<\/div>\n\t\t<div class=\"no-position  elementor-element elementor-element-bdae563 e-flex e-con-boxed e-con e-parent\" data-id=\"bdae563\" data-element_type=\"container\" data-e-type=\"container\">\n\t\t\t\t\t<div class=\"e-con-inner\">\n\t\t\t\t<div class=\"elementor-element elementor-element-cb91e92 gsap-move-no rs-tween_max_btn-no elementor-widget elementor-widget-heading\" data-id=\"cb91e92\" data-element_type=\"widget\" data-e-type=\"widget\" data-widget_type=\"heading.default\">\n\t\t\t\t\t<h2 class=\"elementor-heading-title elementor-size-default\">Nos Produits<\/h2>\t\t\t\t<\/div>\n\t\t\t\t\t<\/div>\n\t\t\t\t<\/div>\n\t\t<div class=\"no-position  elementor-element elementor-element-5099ed7 e-flex e-con-boxed e-con e-parent\" data-id=\"5099ed7\" data-element_type=\"container\" data-e-type=\"container\" id=\"Services\">\n\t\t\t\t\t<div class=\"e-con-inner\">\n\t\t<div class=\"no-position  elementor-element elementor-element-ca3cccc e-grid e-con-full e-con e-child\" data-id=\"ca3cccc\" data-element_type=\"container\" data-e-type=\"container\">\n\t\t<div class=\"no-position  elementor-element elementor-element-4876ee3 e-con-full e-flex e-con e-child\" data-id=\"4876ee3\" data-element_type=\"container\" data-e-type=\"container\">\n\t\t\t\t<div class=\"elementor-element elementor-element-b88dbd2 elementor-widget-tablet__width-initial elementor-widget-mobile__width-initial gsap-move-no rs-tween_max_btn-no elementor-widget elementor-widget-rs-service-grid\" data-id=\"b88dbd2\" data-element_type=\"widget\" data-e-type=\"widget\" data-widget_type=\"rs-service-grid.default\">\n\t\t\t\t<div class=\"elementor-widget-container\">\n\t\t\t\t\t\r\n\t\t<div class=\"rs-addon-services style13\">\r\n\t\t\t<div class=\"services-inner  link\">\r\n    \r\n    <div class=\"content_part\">\r\n        \r\n                    <div class=\"services-title\">\r\n                                    <h4 class=\"title\"> ENIGMA<\/h4>\r\n                            <\/div>\r\n        \r\n                    <div class=\"desc-text\">\r\n                Plateforme d\u2019investigation sur la fraude et la criminalit\u00e9 financi\u00e8re             <\/div>\r\n        \r\n        \r\n                    <div class=\"btn-part\">\r\n                                <a class=\"services-btn\" href=\"https:\/\/eulerds.com\/fr\/our-products\/enigma-pour-secteur-public\/\" >\r\n                                        En Savoir Plus                                        <svg aria-hidden=\"true\" class=\"e-font-icon-svg e-fas-angle-right\" viewBox=\"0 0 256 512\" xmlns=\"http:\/\/www.w3.org\/2000\/svg\"><path d=\"M224.3 273l-136 136c-9.4 9.4-24.6 9.4-33.9 0l-22.6-22.6c-9.4-9.4-9.4-24.6 0-33.9l96.4-96.4-96.4-96.4c-9.4-9.4-9.4-24.6 0-33.9L54.3 103c9.4-9.4 24.6-9.4 33.9 0l136 136c9.5 9.4 9.5 24.6.1 34z\"><\/path><\/svg>                <\/a>\r\n            <\/div>\r\n            <\/div>\r\n\r\n    <\/div>\t\t<\/div>\r\n\r\n\t\t\t\t<\/div>\n\t\t\t\t<\/div>\n\t\t\t\t<\/div>\n\t\t<div class=\"no-position  elementor-element elementor-element-6742e54 e-con-full e-flex e-con e-child\" data-id=\"6742e54\" data-element_type=\"container\" data-e-type=\"container\">\n\t\t\t\t<div class=\"elementor-element elementor-element-fedce3b elementor-widget-tablet__width-initial elementor-widget-mobile__width-initial gsap-move-no rs-tween_max_btn-no elementor-widget elementor-widget-rs-service-grid\" data-id=\"fedce3b\" data-element_type=\"widget\" data-e-type=\"widget\" data-widget_type=\"rs-service-grid.default\">\n\t\t\t\t<div class=\"elementor-widget-container\">\n\t\t\t\t\t\r\n\t\t<div class=\"rs-addon-services style13\">\r\n\t\t\t<div class=\"services-inner  link\">\r\n    \r\n    <div class=\"content_part\">\r\n        \r\n                    <div class=\"services-title\">\r\n                                    <h3 class=\"title\"> PANDORA<\/h3>\r\n                            <\/div>\r\n        \r\n                    <div class=\"desc-text\">\r\n                Plateforme de renseignement m\u00e9diatique             <\/div>\r\n        \r\n        \r\n                    <div class=\"btn-part\">\r\n                                <a class=\"services-btn\" href=\"https:\/\/eulerds.com\/fr\/our-products\/pandora\/\" >\r\n                                        En Savoir Plus                                        <svg aria-hidden=\"true\" class=\"e-font-icon-svg e-fas-angle-right\" viewBox=\"0 0 256 512\" xmlns=\"http:\/\/www.w3.org\/2000\/svg\"><path d=\"M224.3 273l-136 136c-9.4 9.4-24.6 9.4-33.9 0l-22.6-22.6c-9.4-9.4-9.4-24.6 0-33.9l96.4-96.4-96.4-96.4c-9.4-9.4-9.4-24.6 0-33.9L54.3 103c9.4-9.4 24.6-9.4 33.9 0l136 136c9.5 9.4 9.5 24.6.1 34z\"><\/path><\/svg>                <\/a>\r\n            <\/div>\r\n            <\/div>\r\n\r\n    <\/div>\t\t<\/div>\r\n\r\n\t\t\t\t<\/div>\n\t\t\t\t<\/div>\n\t\t\t\t<\/div>\n\t\t\t\t<\/div>\n\t\t\t\t\t<\/div>\n\t\t\t\t<\/div>\n\t\t<div class=\"no-position  elementor-element elementor-element-230e5f4 elementor-hidden-desktop elementor-hidden-laptop elementor-hidden-tablet elementor-hidden-mobile e-flex e-con-boxed e-con e-parent\" data-id=\"230e5f4\" data-element_type=\"container\" data-e-type=\"container\" data-settings=\"{&quot;background_background&quot;:&quot;classic&quot;}\">\n\t\t\t\t\t<div class=\"e-con-inner\">\n\t\t<div class=\"no-position  elementor-element elementor-element-e35725a e-con-full e-flex e-con e-child\" data-id=\"e35725a\" data-element_type=\"container\" data-e-type=\"container\">\n\t\t\t\t<div class=\"elementor-element elementor-element-03c9e02 gsap-move-no rs-tween_max_btn-no elementor-widget elementor-widget-heading\" data-id=\"03c9e02\" data-element_type=\"widget\" data-e-type=\"widget\" data-widget_type=\"heading.default\">\n\t\t\t\t\t<h2 class=\"elementor-heading-title elementor-size-default\">Overview<\/h2>\t\t\t\t<\/div>\n\t\t\t\t<div class=\"elementor-element elementor-element-ee70e41 gsap-move-no rs-tween_max_btn-no elementor-widget elementor-widget-video\" data-id=\"ee70e41\" data-element_type=\"widget\" data-e-type=\"widget\" data-settings=\"{&quot;youtube_url&quot;:&quot;https:\\\/\\\/www.youtube.com\\\/watch?v=XHOmBV4js_E&quot;,&quot;video_type&quot;:&quot;youtube&quot;,&quot;controls&quot;:&quot;yes&quot;}\" data-widget_type=\"video.default\">\n\t\t\t\t\t\t\t<div class=\"elementor-wrapper elementor-open-inline\">\n\t\t\t<div class=\"elementor-video\"><\/div>\t\t<\/div>\n\t\t\t\t\t\t<\/div>\n\t\t\t\t<\/div>\n\t\t\t\t\t<\/div>\n\t\t\t\t<\/div>\n\t\t\t\t<\/div>\n\t\t","protected":false},"excerpt":{"rendered":"<p>Secteur Public Lutter contre la fraude et la corruption publique Nous donnons aux agences gouvernementales et aux r\u00e9gulateurs les moyens de prot\u00e9ger les ressources publiques et d&rsquo;assurer la transparence. Notre plateforme les aide \u00e0 d\u00e9tecter et \u00e0 enqu\u00eater sur divers types de fraude, y compris la fraude fiscale, douani\u00e8re et sociale, et \u00e0 g\u00e9rer des&#8230;<\/p>\n","protected":false},"author":2,"featured_media":0,"parent":38341,"menu_order":0,"comment_status":"closed","ping_status":"closed","template":"elementor_header_footer","meta":{"footnotes":""},"class_list":["post-38385","page","type-page","status-publish","hentry"],"aioseo_notices":[],"_links":{"self":[{"href":"https:\/\/eulerds.com\/fr\/wp-json\/wp\/v2\/pages\/38385","targetHints":{"allow":["GET"]}}],"collection":[{"href":"https:\/\/eulerds.com\/fr\/wp-json\/wp\/v2\/pages"}],"about":[{"href":"https:\/\/eulerds.com\/fr\/wp-json\/wp\/v2\/types\/page"}],"author":[{"embeddable":true,"href":"https:\/\/eulerds.com\/fr\/wp-json\/wp\/v2\/users\/2"}],"replies":[{"embeddable":true,"href":"https:\/\/eulerds.com\/fr\/wp-json\/wp\/v2\/comments?post=38385"}],"version-history":[{"count":8,"href":"https:\/\/eulerds.com\/fr\/wp-json\/wp\/v2\/pages\/38385\/revisions"}],"predecessor-version":[{"id":39564,"href":"https:\/\/eulerds.com\/fr\/wp-json\/wp\/v2\/pages\/38385\/revisions\/39564"}],"up":[{"embeddable":true,"href":"https:\/\/eulerds.com\/fr\/wp-json\/wp\/v2\/pages\/38341"}],"wp:attachment":[{"href":"https:\/\/eulerds.com\/fr\/wp-json\/wp\/v2\/media?parent=38385"}],"curies":[{"name":"wp","href":"https:\/\/api.w.org\/{rel}","templated":true}]}}