{"id":38377,"date":"2025-07-14T13:21:50","date_gmt":"2025-07-14T13:21:50","guid":{"rendered":"https:\/\/eulerds.com\/industries\/financial-intelligence-units\/"},"modified":"2025-11-19T15:24:29","modified_gmt":"2025-11-19T15:24:29","slug":"les-cellules-de-renseignement-financier-nationales","status":"publish","type":"page","link":"https:\/\/eulerds.com\/fr\/nos-clients\/les-cellules-de-renseignement-financier-nationales\/","title":{"rendered":"Les Cellules de Renseignement Financier Nationales"},"content":{"rendered":"\t\t<div data-elementor-type=\"wp-page\" data-elementor-id=\"38377\" class=\"elementor elementor-38377 elementor-34879\" data-elementor-post-type=\"page\">\n\t\t\t\t<div class=\"no-position  elementor-element elementor-element-66ff1858 e-con-full e-flex e-con e-parent\" data-id=\"66ff1858\" data-element_type=\"container\" data-e-type=\"container\" data-settings=\"{&quot;background_background&quot;:&quot;classic&quot;}\">\n\t\t\t\t<div class=\"elementor-element elementor-element-153a38c7 elementor-absolute gsap-move-no rs-tween_max_btn-no elementor-widget elementor-widget-rs-image\" data-id=\"153a38c7\" data-element_type=\"widget\" data-e-type=\"widget\" data-settings=\"{&quot;_position&quot;:&quot;absolute&quot;}\" data-widget_type=\"rs-image.default\">\n\t\t\t\t<div class=\"elementor-widget-container\">\n\t\t\t\t\t\n        <div class=\"rs-image no ruler_image_no ruler_position_  \">\n                                                            <img decoding=\"async\" class=\"rs-multi-image  reverse- blend_unset\" src=\"http:\/\/techtlk.rstheme.com\/wp-content\/uploads\/2025\/01\/page-banner-shape-2.png\" alt=\"page-banner-shape-2\"\/>\n                                                                        <\/div>   \n          \n    \t\t\t\t<\/div>\n\t\t\t\t<\/div>\n\t\t\t\t<div class=\"elementor-element elementor-element-304628fc gsap-move-no rs-tween_max_btn-no elementor-widget elementor-widget-page-title\" data-id=\"304628fc\" data-element_type=\"widget\" data-e-type=\"widget\" data-widget_type=\"page-title.default\">\n\t\t\t\t<div class=\"elementor-widget-container\">\n\t\t\t\t\t\t\t\n\t\t<div class=\"hfe-page-title hfe-page-title-wrapper elementor-widget-heading\">\n\t\t\t\n\t\t\t<h1 class=\"elementor-heading-title elementor-size\">\n\t\t\t\tLes Cellules de Renseignement Financier Nationales\t\t\t<\/h1 > \n\n\t\t\t\t\t\t\t\t<\/div>\n\t\t\t\t\t\t<\/div>\n\t\t\t\t<\/div>\n\t\t\t\t<\/div>\n\t\t<div class=\"no-position  elementor-element elementor-element-52f49ef7 e-flex e-con-boxed e-con e-parent\" data-id=\"52f49ef7\" data-element_type=\"container\" data-e-type=\"container\" id=\"Services\">\n\t\t\t\t\t<div class=\"e-con-inner\">\n\t\t<div class=\"no-position  elementor-element elementor-element-f3ce9f1 e-con-full e-flex e-con e-child\" data-id=\"f3ce9f1\" data-element_type=\"container\" data-e-type=\"container\">\n\t\t\t\t<div class=\"elementor-element elementor-element-d92b642 gsap-move-no rs-tween_max_btn-no elementor-widget elementor-widget-heading\" data-id=\"d92b642\" data-element_type=\"widget\" data-e-type=\"widget\" data-widget_type=\"heading.default\">\n\t\t\t\t\t<h2 class=\"elementor-heading-title elementor-size-default\">Informations exploitables pour la d\u00e9tection de la fraude et la conformit\u00e9 r\u00e9glementaire \n<\/h2>\t\t\t\t<\/div>\n\t\t\t\t<div class=\"elementor-element elementor-element-8acd2d4 gsap-move-no rs-tween_max_btn-no elementor-widget elementor-widget-text-editor\" data-id=\"8acd2d4\" data-element_type=\"widget\" data-e-type=\"widget\" data-widget_type=\"text-editor.default\">\n\t\t\t\t\t\t\t\t\t<p><span data-contrast=\"none\">Nous offrons aux unit\u00e9s d&rsquo;enqu\u00eate financi\u00e8re des capacit\u00e9s avanc\u00e9es pour lutter contre le blanchiment d&rsquo;argent, le financement du terrorisme et la criminalit\u00e9 financi\u00e8re complexe.<\/span><span data-ccp-props=\"{&quot;201341983&quot;:0,&quot;335559739&quot;:240,&quot;335559740&quot;:276}\">\u00a0<\/span><\/p><p><span data-teams=\"true\">Les analystes peuvent ing\u00e9rer, corr\u00e9ler et visualiser de grands volumes de donn\u00e9es (structur\u00e9es ou non structur\u00e9es), des avis\u00a0d\u2019op\u00e9rations suspectes (SAR) aux transactions en passant par les fuites offshore et les informations publi\u00e9es sur des entreprises, au sein d\u2019un seul environnement d\u2019enqu\u00eate \u00e0 la fois unique et complet.\u00a0<\/span><\/p><p><span data-teams=\"true\">Gr\u00e2ce \u00e0 l\u2019exploration et l\u2019analyse graphique, \u00e0 la d\u00e9tection des anomalies pilot\u00e9es par l\u2019IA, nos solutions rationalisent les enqu\u00eates, optimisent la collaboration et renforcent la conformit\u00e9 r\u00e9glementaire dans un environnement de travail \u00e0 la fois tra\u00e7able et s\u00e9curis\u00e9.<\/span><\/p>\t\t\t\t\t\t\t\t<\/div>\n\t\t<div class=\"no-position  elementor-element elementor-element-a8d837f e-con-full e-flex e-con e-child\" data-id=\"a8d837f\" data-element_type=\"container\" data-e-type=\"container\">\n\t\t\t\t<div class=\"elementor-element elementor-element-7d0d7cb gsap-move-no rs-tween_max_btn-no elementor-widget elementor-widget-heading\" data-id=\"7d0d7cb\" data-element_type=\"widget\" data-e-type=\"widget\" data-widget_type=\"heading.default\">\n\t\t\t\t\t<h2 class=\"elementor-heading-title elementor-size-default\">Applications Principales<\/h2>\t\t\t\t<\/div>\n\t\t\t\t<\/div>\n\t\t<div class=\"no-position  elementor-element elementor-element-35acb91 e-con-full e-flex e-con e-child\" data-id=\"35acb91\" data-element_type=\"container\" data-e-type=\"container\">\n\t\t<div class=\"no-position  elementor-element elementor-element-806fdf7 e-con-full e-flex e-con e-child\" data-id=\"806fdf7\" data-element_type=\"container\" data-e-type=\"container\">\n\t\t<div class=\"no-position  elementor-element elementor-element-6bddfbb e-con-full e-flex e-con e-child\" data-id=\"6bddfbb\" data-element_type=\"container\" data-e-type=\"container\">\n\t\t\t\t<div class=\"elementor-element elementor-element-bb9d78a gsap-move-no rs-tween_max_btn-no elementor-widget elementor-widget-rs-service-grid\" data-id=\"bb9d78a\" data-element_type=\"widget\" data-e-type=\"widget\" data-widget_type=\"rs-service-grid.default\">\n\t\t\t\t<div class=\"elementor-widget-container\">\n\t\t\t\t\t\r\n\t\t<div class=\"rs-addon-services style1\">\r\n\t\t\t<div class=\"services-inner  box\">\r\n    \r\n    <div class=\"content_part\">\r\n\r\n                    <div class=\"media_wrap\">\r\n                                    \r\n                                            <div class=\"image_style media-cmn\">\r\n                            <img decoding=\"async\" src=\"https:\/\/eulerds.com\/wp-content\/uploads\/2025\/08\/Banki-investigations.png\" alt=\"image\" \/>\r\n                        <\/div>\r\n                                                <\/div>\r\n                            <div class=\"services-title\">\r\n                                    <h4 class=\"title\"> Enqu\u00eates interbancaires <\/h4>\r\n                            <\/div>\r\n        \r\n        \r\n        \r\n            <\/div>\r\n<\/div>\t\t<\/div>\r\n\r\n\t\t\t\t<\/div>\n\t\t\t\t<\/div>\n\t\t\t\t<\/div>\n\t\t<div class=\"no-position  elementor-element elementor-element-d0c56e0 e-con-full e-flex e-con e-child\" data-id=\"d0c56e0\" data-element_type=\"container\" data-e-type=\"container\">\n\t\t\t\t<div class=\"elementor-element elementor-element-63c22c1 gsap-move-no rs-tween_max_btn-no elementor-widget elementor-widget-rs-service-grid\" data-id=\"63c22c1\" data-element_type=\"widget\" data-e-type=\"widget\" data-widget_type=\"rs-service-grid.default\">\n\t\t\t\t<div class=\"elementor-widget-container\">\n\t\t\t\t\t\r\n\t\t<div class=\"rs-addon-services style1\">\r\n\t\t\t<div class=\"services-inner  box\">\r\n    \r\n    <div class=\"content_part\">\r\n\r\n                    <div class=\"media_wrap\">\r\n                                    \r\n                                            <div class=\"image_style media-cmn\">\r\n                            <img decoding=\"async\" src=\"https:\/\/eulerds.com\/wp-content\/uploads\/2025\/08\/Fraud-2.png\" alt=\"image\" \/>\r\n                        <\/div>\r\n                                                <\/div>\r\n                            <div class=\"services-title\">\r\n                                    <h4 class=\"title\"> Enqu\u00eates sur les crimes financiers complexes <\/h4>\r\n                            <\/div>\r\n        \r\n        \r\n        \r\n            <\/div>\r\n<\/div>\t\t<\/div>\r\n\r\n\t\t\t\t<\/div>\n\t\t\t\t<\/div>\n\t\t\t\t<\/div>\n\t\t<div class=\"no-position  elementor-element elementor-element-c223f6e e-con-full e-flex e-con e-child\" data-id=\"c223f6e\" data-element_type=\"container\" data-e-type=\"container\">\n\t\t\t\t<div class=\"elementor-element elementor-element-90fc1a6 gsap-move-no rs-tween_max_btn-no elementor-widget elementor-widget-rs-service-grid\" data-id=\"90fc1a6\" data-element_type=\"widget\" data-e-type=\"widget\" data-widget_type=\"rs-service-grid.default\">\n\t\t\t\t<div class=\"elementor-widget-container\">\n\t\t\t\t\t\r\n\t\t<div class=\"rs-addon-services style1\">\r\n\t\t\t<div class=\"services-inner  box\">\r\n    \r\n    <div class=\"content_part\">\r\n\r\n                    <div class=\"media_wrap\">\r\n                                    \r\n                                            <div class=\"image_style media-cmn\">\r\n                            <img decoding=\"async\" src=\"https:\/\/eulerds.com\/wp-content\/uploads\/2025\/08\/tax-fraud-1.png\" alt=\"image\" \/>\r\n                        <\/div>\r\n                                                <\/div>\r\n                            <div class=\"services-title\">\r\n                                    <h4 class=\"title\"> Lutte contre le financement du terrorisme <\/h4>\r\n                            <\/div>\r\n        \r\n        \r\n        \r\n            <\/div>\r\n<\/div>\t\t<\/div>\r\n\r\n\t\t\t\t<\/div>\n\t\t\t\t<\/div>\n\t\t\t\t<\/div>\n\t\t\t\t<\/div>\n\t\t<div class=\"no-position  elementor-element elementor-element-d3398a0 e-con-full e-flex e-con e-child\" data-id=\"d3398a0\" data-element_type=\"container\" data-e-type=\"container\">\n\t\t\t\t<div class=\"elementor-element elementor-element-ac0f0f4 gsap-move-no rs-tween_max_btn-no elementor-widget elementor-widget-heading\" data-id=\"ac0f0f4\" data-element_type=\"widget\" data-e-type=\"widget\" data-widget_type=\"heading.default\">\n\t\t\t\t\t<h2 class=\"elementor-heading-title elementor-size-default\">Nos Produits<\/h2>\t\t\t\t<\/div>\n\t\t<div class=\"no-position  elementor-element elementor-element-7540c9e e-con-full e-grid e-con e-child\" data-id=\"7540c9e\" data-element_type=\"container\" data-e-type=\"container\">\n\t\t<div class=\"no-position  elementor-element elementor-element-d01506a e-con-full e-flex e-con e-child\" data-id=\"d01506a\" data-element_type=\"container\" data-e-type=\"container\">\n\t\t\t\t<div class=\"elementor-element elementor-element-abc9aac elementor-widget-tablet__width-initial elementor-widget-mobile__width-initial gsap-move-no rs-tween_max_btn-no elementor-widget elementor-widget-rs-service-grid\" data-id=\"abc9aac\" data-element_type=\"widget\" data-e-type=\"widget\" data-widget_type=\"rs-service-grid.default\">\n\t\t\t\t<div class=\"elementor-widget-container\">\n\t\t\t\t\t\r\n\t\t<div class=\"rs-addon-services style13\">\r\n\t\t\t<div class=\"services-inner  link\">\r\n    \r\n    <div class=\"content_part\">\r\n        \r\n                    <div class=\"services-title\">\r\n                                    <h4 class=\"title\"> ENIGMA<\/h4>\r\n                            <\/div>\r\n        \r\n                    <div class=\"desc-text\">\r\n                Plateforme pour les Cellules de Renseignement Financier Nationales            <\/div>\r\n        \r\n        \r\n                    <div class=\"btn-part\">\r\n                                <a class=\"services-btn\" href=\"https:\/\/eulerds.com\/fr\/our-products\/enigma-pour-crf\/\" >\r\n                                        En Savoir Plus                                        <svg aria-hidden=\"true\" class=\"e-font-icon-svg e-fas-angle-right\" viewBox=\"0 0 256 512\" xmlns=\"http:\/\/www.w3.org\/2000\/svg\"><path d=\"M224.3 273l-136 136c-9.4 9.4-24.6 9.4-33.9 0l-22.6-22.6c-9.4-9.4-9.4-24.6 0-33.9l96.4-96.4-96.4-96.4c-9.4-9.4-9.4-24.6 0-33.9L54.3 103c9.4-9.4 24.6-9.4 33.9 0l136 136c9.5 9.4 9.5 24.6.1 34z\"><\/path><\/svg>                <\/a>\r\n            <\/div>\r\n            <\/div>\r\n\r\n    <\/div>\t\t<\/div>\r\n\r\n\t\t\t\t<\/div>\n\t\t\t\t<\/div>\n\t\t\t\t<\/div>\n\t\t\t\t<\/div>\n\t\t\t\t<\/div>\n\t\t\t\t<\/div>\n\t\t\t\t<\/div>\n\t\t\t\t\t<\/div>\n\t\t\t\t<\/div>\n\t\t<div class=\"no-position  elementor-element elementor-element-3ae1806f elementor-hidden-desktop elementor-hidden-laptop elementor-hidden-tablet elementor-hidden-mobile e-flex e-con-boxed e-con e-parent\" data-id=\"3ae1806f\" data-element_type=\"container\" data-e-type=\"container\" data-settings=\"{&quot;background_background&quot;:&quot;classic&quot;}\">\n\t\t\t\t\t<div class=\"e-con-inner\">\n\t\t<div class=\"no-position  elementor-element elementor-element-8ba6da0 e-con-full e-flex e-con e-child\" data-id=\"8ba6da0\" data-element_type=\"container\" data-e-type=\"container\">\n\t\t\t\t<div class=\"elementor-element elementor-element-d3d47fc gsap-move-no rs-tween_max_btn-no elementor-widget elementor-widget-heading\" data-id=\"d3d47fc\" data-element_type=\"widget\" data-e-type=\"widget\" data-widget_type=\"heading.default\">\n\t\t\t\t\t<h2 class=\"elementor-heading-title elementor-size-default\">Overview<\/h2>\t\t\t\t<\/div>\n\t\t\t\t<div class=\"elementor-element elementor-element-0b75c6a gsap-move-no rs-tween_max_btn-no elementor-widget elementor-widget-video\" data-id=\"0b75c6a\" data-element_type=\"widget\" data-e-type=\"widget\" data-settings=\"{&quot;youtube_url&quot;:&quot;https:\\\/\\\/www.youtube.com\\\/watch?v=XHOmBV4js_E&quot;,&quot;video_type&quot;:&quot;youtube&quot;,&quot;controls&quot;:&quot;yes&quot;}\" data-widget_type=\"video.default\">\n\t\t\t\t\t\t\t<div class=\"elementor-wrapper elementor-open-inline\">\n\t\t\t<div class=\"elementor-video\"><\/div>\t\t<\/div>\n\t\t\t\t\t\t<\/div>\n\t\t\t\t<\/div>\n\t\t\t\t\t<\/div>\n\t\t\t\t<\/div>\n\t\t\t\t<\/div>\n\t\t","protected":false},"excerpt":{"rendered":"<p>Les Cellules de Renseignement Financier Nationales Informations exploitables pour la d\u00e9tection de la fraude et la conformit\u00e9 r\u00e9glementaire Nous offrons aux unit\u00e9s d&rsquo;enqu\u00eate financi\u00e8re des capacit\u00e9s avanc\u00e9es pour lutter contre le blanchiment d&rsquo;argent, le financement du terrorisme et la criminalit\u00e9 financi\u00e8re complexe.\u00a0 Les analystes peuvent ing\u00e9rer, corr\u00e9ler et visualiser de grands volumes de donn\u00e9es (structur\u00e9es&#8230;<\/p>\n","protected":false},"author":2,"featured_media":0,"parent":38341,"menu_order":0,"comment_status":"closed","ping_status":"closed","template":"","meta":{"footnotes":""},"class_list":["post-38377","page","type-page","status-publish","hentry"],"aioseo_notices":[],"_links":{"self":[{"href":"https:\/\/eulerds.com\/fr\/wp-json\/wp\/v2\/pages\/38377","targetHints":{"allow":["GET"]}}],"collection":[{"href":"https:\/\/eulerds.com\/fr\/wp-json\/wp\/v2\/pages"}],"about":[{"href":"https:\/\/eulerds.com\/fr\/wp-json\/wp\/v2\/types\/page"}],"author":[{"embeddable":true,"href":"https:\/\/eulerds.com\/fr\/wp-json\/wp\/v2\/users\/2"}],"replies":[{"embeddable":true,"href":"https:\/\/eulerds.com\/fr\/wp-json\/wp\/v2\/comments?post=38377"}],"version-history":[{"count":24,"href":"https:\/\/eulerds.com\/fr\/wp-json\/wp\/v2\/pages\/38377\/revisions"}],"predecessor-version":[{"id":40178,"href":"https:\/\/eulerds.com\/fr\/wp-json\/wp\/v2\/pages\/38377\/revisions\/40178"}],"up":[{"embeddable":true,"href":"https:\/\/eulerds.com\/fr\/wp-json\/wp\/v2\/pages\/38341"}],"wp:attachment":[{"href":"https:\/\/eulerds.com\/fr\/wp-json\/wp\/v2\/media?parent=38377"}],"curies":[{"name":"wp","href":"https:\/\/api.w.org\/{rel}","templated":true}]}}