{"id":38374,"date":"2024-09-29T06:39:11","date_gmt":"2024-09-29T06:39:11","guid":{"rendered":"https:\/\/eulerds.com\/industries\/corporate-organizations\/"},"modified":"2025-11-19T15:15:16","modified_gmt":"2025-11-19T15:15:16","slug":"entreprises-privees","status":"publish","type":"page","link":"https:\/\/eulerds.com\/fr\/nos-clients\/entreprises-privees\/","title":{"rendered":"Entreprises Priv\u00e9es"},"content":{"rendered":"\t\t<div data-elementor-type=\"wp-page\" data-elementor-id=\"38374\" class=\"elementor elementor-38374 elementor-179\" data-elementor-post-type=\"page\">\n\t\t\t\t<div class=\"no-position  elementor-element elementor-element-66ff1858 e-con-full e-flex e-con e-parent\" data-id=\"66ff1858\" data-element_type=\"container\" data-e-type=\"container\" data-settings=\"{&quot;background_background&quot;:&quot;classic&quot;}\">\n\t\t\t\t<div class=\"elementor-element elementor-element-153a38c7 elementor-absolute gsap-move-no rs-tween_max_btn-no elementor-widget elementor-widget-rs-image\" data-id=\"153a38c7\" data-element_type=\"widget\" data-e-type=\"widget\" data-settings=\"{&quot;_position&quot;:&quot;absolute&quot;}\" data-widget_type=\"rs-image.default\">\n\t\t\t\t<div class=\"elementor-widget-container\">\n\t\t\t\t\t\n        <div class=\"rs-image no ruler_image_no ruler_position_  \">\n                                                            <img decoding=\"async\" class=\"rs-multi-image  reverse- blend_unset\" src=\"http:\/\/techtlk.rstheme.com\/wp-content\/uploads\/2025\/01\/page-banner-shape-2.png\" alt=\"page-banner-shape-2\"\/>\n                                                                        <\/div>   \n          \n    \t\t\t\t<\/div>\n\t\t\t\t<\/div>\n\t\t\t\t<div class=\"elementor-element elementor-element-304628fc gsap-move-no rs-tween_max_btn-no elementor-widget elementor-widget-page-title\" data-id=\"304628fc\" data-element_type=\"widget\" data-e-type=\"widget\" data-widget_type=\"page-title.default\">\n\t\t\t\t<div class=\"elementor-widget-container\">\n\t\t\t\t\t\t\t\n\t\t<div class=\"hfe-page-title hfe-page-title-wrapper elementor-widget-heading\">\n\t\t\t\n\t\t\t<h1 class=\"elementor-heading-title elementor-size\">\n\t\t\t\tEntreprises Priv\u00e9es\t\t\t<\/h1 > \n\n\t\t\t\t\t\t\t\t<\/div>\n\t\t\t\t\t\t<\/div>\n\t\t\t\t<\/div>\n\t\t\t\t<\/div>\n\t\t<div class=\"no-position  elementor-element elementor-element-52f49ef7 e-flex e-con-boxed e-con e-parent\" data-id=\"52f49ef7\" data-element_type=\"container\" data-e-type=\"container\" id=\"Services\">\n\t\t\t\t\t<div class=\"e-con-inner\">\n\t\t<div class=\"no-position  elementor-element elementor-element-f3ce9f1 e-con-full e-flex e-con e-child\" data-id=\"f3ce9f1\" data-element_type=\"container\" data-e-type=\"container\">\n\t\t\t\t<div class=\"elementor-element elementor-element-d92b642 gsap-move-no rs-tween_max_btn-no elementor-widget elementor-widget-heading\" data-id=\"d92b642\" data-element_type=\"widget\" data-e-type=\"widget\" data-widget_type=\"heading.default\">\n\t\t\t\t\t<h2 class=\"elementor-heading-title elementor-size-default\">Am\u00e9liorer la s\u00e9curit\u00e9 d'entreprise et le renseignement strat\u00e9gique. <\/h2>\t\t\t\t<\/div>\n\t\t\t\t<div class=\"elementor-element elementor-element-8acd2d4 gsap-move-no rs-tween_max_btn-no elementor-widget elementor-widget-text-editor\" data-id=\"8acd2d4\" data-element_type=\"widget\" data-e-type=\"widget\" data-widget_type=\"text-editor.default\">\n\t\t\t\t\t\t\t\t\t<p>Nous donnons aux entreprises les moyens de renforcer leur s\u00e9curit\u00e9, de r\u00e9duire les risques et d\u2019anticiper les menaces multiples dans l\u2019\u00e9cosyst\u00e8me mondial complexe d\u2019aujourd\u2019hui.\u00a0<\/p><p>Nos plateformes, d\u00e9di\u00e9es au renseignement et aux enqu\u00eates d\u2019entreprise, permettent \u00e0 votre organisation de <strong>s\u00e9curiser son environnement<\/strong> en <strong>ma\u00eetrisant les risques g\u00e9opolitiques et de r\u00e9putation<\/strong>, en <strong>surveillant proactivement l&rsquo;exposition cybern\u00e9tique<\/strong> et en <strong>optimisant la due diligence<\/strong> de vos parties prenantes cl\u00e9s.<\/p><p>Nous renfor\u00e7ons le renseignement strat\u00e9gique d\u2019entreprise gr\u00e2ce \u00e0 nos modules de surveillance OSINT int\u00e9gr\u00e9s. Nos plateformes suivent et analysent m\u00e9ticuleusement les empreintes num\u00e9riques de votre entreprise et de ses concurrents, fournissant des informations exploitables pour la prise de d\u00e9cision strat\u00e9gique<\/p>\t\t\t\t\t\t\t\t<\/div>\n\t\t<div class=\"no-position  elementor-element elementor-element-a8d837f e-con-full e-flex e-con e-child\" data-id=\"a8d837f\" data-element_type=\"container\" data-e-type=\"container\">\n\t\t\t\t<div class=\"elementor-element elementor-element-7d0d7cb gsap-move-no rs-tween_max_btn-no elementor-widget elementor-widget-heading\" data-id=\"7d0d7cb\" data-element_type=\"widget\" data-e-type=\"widget\" data-widget_type=\"heading.default\">\n\t\t\t\t\t<h2 class=\"elementor-heading-title elementor-size-default\">Applications Principales<\/h2>\t\t\t\t<\/div>\n\t\t\t\t<\/div>\n\t\t<div class=\"no-position  elementor-element elementor-element-35acb91 e-con-full e-flex e-con e-child\" data-id=\"35acb91\" data-element_type=\"container\" data-e-type=\"container\">\n\t\t<div class=\"no-position  elementor-element elementor-element-806fdf7 e-con-full e-flex e-con e-child\" data-id=\"806fdf7\" data-element_type=\"container\" data-e-type=\"container\">\n\t\t<div class=\"no-position  elementor-element elementor-element-6bddfbb e-con-full e-flex e-con e-child\" data-id=\"6bddfbb\" data-element_type=\"container\" data-e-type=\"container\">\n\t\t\t\t<div class=\"elementor-element elementor-element-bb9d78a gsap-move-no rs-tween_max_btn-no elementor-widget elementor-widget-rs-service-grid\" data-id=\"bb9d78a\" data-element_type=\"widget\" data-e-type=\"widget\" data-widget_type=\"rs-service-grid.default\">\n\t\t\t\t<div class=\"elementor-widget-container\">\n\t\t\t\t\t\r\n\t\t<div class=\"rs-addon-services style1\">\r\n\t\t\t<div class=\"services-inner  box\">\r\n    \r\n    <div class=\"content_part\">\r\n\r\n                    <div class=\"media_wrap\">\r\n                                    \r\n                                            <div class=\"image_style media-cmn\">\r\n                            <img decoding=\"async\" src=\"https:\/\/eulerds.com\/wp-content\/uploads\/2025\/08\/knowledge-management.png\" alt=\"image\" \/>\r\n                        <\/div>\r\n                                                <\/div>\r\n                            <div class=\"services-title\">\r\n                                    <h4 class=\"title\"> Renseignement et enqu\u00eate d\u2019entreprise<\/h4>\r\n                            <\/div>\r\n        \r\n        \r\n        \r\n            <\/div>\r\n<\/div>\t\t<\/div>\r\n\r\n\t\t\t\t<\/div>\n\t\t\t\t<\/div>\n\t\t\t\t<\/div>\n\t\t<div class=\"no-position  elementor-element elementor-element-d0c56e0 e-con-full e-flex e-con e-child\" data-id=\"d0c56e0\" data-element_type=\"container\" data-e-type=\"container\">\n\t\t\t\t<div class=\"elementor-element elementor-element-5d8b6e6 gsap-move-no rs-tween_max_btn-no elementor-widget elementor-widget-rs-service-grid\" data-id=\"5d8b6e6\" data-element_type=\"widget\" data-e-type=\"widget\" data-widget_type=\"rs-service-grid.default\">\n\t\t\t\t<div class=\"elementor-widget-container\">\n\t\t\t\t\t\r\n\t\t<div class=\"rs-addon-services style1\">\r\n\t\t\t<div class=\"services-inner  box\">\r\n    \r\n    <div class=\"content_part\">\r\n\r\n                    <div class=\"media_wrap\">\r\n                                    \r\n                                            <div class=\"image_style media-cmn\">\r\n                            <img decoding=\"async\" src=\"https:\/\/eulerds.com\/wp-content\/uploads\/2025\/08\/global-security.png\" alt=\"image\" \/>\r\n                        <\/div>\r\n                                                <\/div>\r\n                            <div class=\"services-title\">\r\n                                    <h4 class=\"title\"> S\u00e9curit\u00e9 globale des entreprises <\/h4>\r\n                            <\/div>\r\n        \r\n        \r\n        \r\n            <\/div>\r\n<\/div>\t\t<\/div>\r\n\r\n\t\t\t\t<\/div>\n\t\t\t\t<\/div>\n\t\t\t\t<\/div>\n\t\t<div class=\"no-position  elementor-element elementor-element-c223f6e e-con-full e-flex e-con e-child\" data-id=\"c223f6e\" data-element_type=\"container\" data-e-type=\"container\">\n\t\t\t\t<div class=\"elementor-element elementor-element-90fc1a6 gsap-move-no rs-tween_max_btn-no elementor-widget elementor-widget-rs-service-grid\" data-id=\"90fc1a6\" data-element_type=\"widget\" data-e-type=\"widget\" data-widget_type=\"rs-service-grid.default\">\n\t\t\t\t<div class=\"elementor-widget-container\">\n\t\t\t\t\t\r\n\t\t<div class=\"rs-addon-services style1\">\r\n\t\t\t<div class=\"services-inner  box\">\r\n    \r\n    <div class=\"content_part\">\r\n\r\n                    <div class=\"media_wrap\">\r\n                                    \r\n                                            <div class=\"image_style media-cmn\">\r\n                            <img decoding=\"async\" src=\"https:\/\/eulerds.com\/wp-content\/uploads\/2025\/07\/profiling-2-1.png\" alt=\"image\" \/>\r\n                        <\/div>\r\n                                                <\/div>\r\n                            <div class=\"services-title\">\r\n                                    <h4 class=\"title\"> Diligence raisonnable renforc\u00e9e et conformit\u00e9 <\/h4>\r\n                            <\/div>\r\n        \r\n        \r\n        \r\n            <\/div>\r\n<\/div>\t\t<\/div>\r\n\r\n\t\t\t\t<\/div>\n\t\t\t\t<\/div>\n\t\t\t\t<\/div>\n\t\t<div class=\"no-position  elementor-element elementor-element-f8c8895 e-con-full e-flex e-con e-child\" data-id=\"f8c8895\" data-element_type=\"container\" data-e-type=\"container\">\n\t\t\t\t<div class=\"elementor-element elementor-element-63c22c1 gsap-move-no rs-tween_max_btn-no elementor-widget elementor-widget-rs-service-grid\" data-id=\"63c22c1\" data-element_type=\"widget\" data-e-type=\"widget\" data-widget_type=\"rs-service-grid.default\">\n\t\t\t\t<div class=\"elementor-widget-container\">\n\t\t\t\t\t\r\n\t\t<div class=\"rs-addon-services style1\">\r\n\t\t\t<div class=\"services-inner  box\">\r\n    \r\n    <div class=\"content_part\">\r\n\r\n                    <div class=\"media_wrap\">\r\n                                    \r\n                                            <div class=\"image_style media-cmn\">\r\n                            <img decoding=\"async\" src=\"https:\/\/eulerds.com\/wp-content\/uploads\/2024\/09\/Explore.png\" alt=\"image\" \/>\r\n                        <\/div>\r\n                                                <\/div>\r\n                            <div class=\"services-title\">\r\n                                    <h4 class=\"title\"> Renseignement Strat\u00e9gique en Entreprise<\/h4>\r\n                            <\/div>\r\n        \r\n        \r\n        \r\n            <\/div>\r\n<\/div>\t\t<\/div>\r\n\r\n\t\t\t\t<\/div>\n\t\t\t\t<\/div>\n\t\t\t\t<\/div>\n\t\t\t\t<\/div>\n\t\t<div class=\"no-position  elementor-element elementor-element-d3398a0 e-con-full e-flex e-con e-child\" data-id=\"d3398a0\" data-element_type=\"container\" data-e-type=\"container\">\n\t\t\t\t<div class=\"elementor-element elementor-element-ac0f0f4 gsap-move-no rs-tween_max_btn-no elementor-widget elementor-widget-heading\" data-id=\"ac0f0f4\" data-element_type=\"widget\" data-e-type=\"widget\" data-widget_type=\"heading.default\">\n\t\t\t\t\t<h2 class=\"elementor-heading-title elementor-size-default\">Nos Produits<\/h2>\t\t\t\t<\/div>\n\t\t<div class=\"no-position  elementor-element elementor-element-2b70498 e-con-full e-flex e-con e-child\" data-id=\"2b70498\" data-element_type=\"container\" data-e-type=\"container\">\n\t\t<div class=\"no-position  elementor-element elementor-element-f729dea e-con-full e-flex e-con e-child\" data-id=\"f729dea\" data-element_type=\"container\" data-e-type=\"container\">\n\t\t\t\t<div class=\"elementor-element elementor-element-75bc535 elementor-widget-tablet__width-initial elementor-widget-mobile__width-initial gsap-move-no rs-tween_max_btn-no elementor-widget elementor-widget-rs-service-grid\" data-id=\"75bc535\" data-element_type=\"widget\" data-e-type=\"widget\" data-widget_type=\"rs-service-grid.default\">\n\t\t\t\t<div class=\"elementor-widget-container\">\n\t\t\t\t\t\r\n\t\t<div class=\"rs-addon-services style13\">\r\n\t\t\t<div class=\"services-inner  link\">\r\n    \r\n    <div class=\"content_part\">\r\n        \r\n                    <div class=\"services-title\">\r\n                                    <h4 class=\"title\"> ATHENA<\/h4>\r\n                            <\/div>\r\n        \r\n                    <div class=\"desc-text\">\r\n                Plateforme de renseignement et d\u2019enqu\u00eate d\u2019entreprise             <\/div>\r\n        \r\n        \r\n                    <div class=\"btn-part\">\r\n                                <a class=\"services-btn\" href=\"https:\/\/eulerds.com\/fr\/our-products\/athena\/\" >\r\n                                        En Savoir Plus                                        <svg aria-hidden=\"true\" class=\"e-font-icon-svg e-fas-angle-right\" viewBox=\"0 0 256 512\" xmlns=\"http:\/\/www.w3.org\/2000\/svg\"><path d=\"M224.3 273l-136 136c-9.4 9.4-24.6 9.4-33.9 0l-22.6-22.6c-9.4-9.4-9.4-24.6 0-33.9l96.4-96.4-96.4-96.4c-9.4-9.4-9.4-24.6 0-33.9L54.3 103c9.4-9.4 24.6-9.4 33.9 0l136 136c9.5 9.4 9.5 24.6.1 34z\"><\/path><\/svg>                <\/a>\r\n            <\/div>\r\n            <\/div>\r\n\r\n    <\/div>\t\t<\/div>\r\n\r\n\t\t\t\t<\/div>\n\t\t\t\t<\/div>\n\t\t\t\t<\/div>\n\t\t<div class=\"no-position  elementor-element elementor-element-513681a e-con-full e-flex e-con e-child\" data-id=\"513681a\" data-element_type=\"container\" data-e-type=\"container\">\n\t\t\t\t<div class=\"elementor-element elementor-element-6b089e9 elementor-widget-tablet__width-initial elementor-widget-mobile__width-initial gsap-move-no rs-tween_max_btn-no elementor-widget elementor-widget-rs-service-grid\" data-id=\"6b089e9\" data-element_type=\"widget\" data-e-type=\"widget\" data-widget_type=\"rs-service-grid.default\">\n\t\t\t\t<div class=\"elementor-widget-container\">\n\t\t\t\t\t\r\n\t\t<div class=\"rs-addon-services style13\">\r\n\t\t\t<div class=\"services-inner  link\">\r\n    \r\n    <div class=\"content_part\">\r\n        \r\n                    <div class=\"services-title\">\r\n                                    <h3 class=\"title\"> PANDORA<\/h3>\r\n                            <\/div>\r\n        \r\n                    <div class=\"desc-text\">\r\n                Plateforme de renseignement m\u00e9diatique             <\/div>\r\n        \r\n        \r\n                    <div class=\"btn-part\">\r\n                                <a class=\"services-btn\" href=\"https:\/\/eulerds.com\/fr\/our-products\/pandora\/\" >\r\n                                        En Savoir Plus                                        <svg aria-hidden=\"true\" class=\"e-font-icon-svg e-fas-angle-right\" viewBox=\"0 0 256 512\" xmlns=\"http:\/\/www.w3.org\/2000\/svg\"><path d=\"M224.3 273l-136 136c-9.4 9.4-24.6 9.4-33.9 0l-22.6-22.6c-9.4-9.4-9.4-24.6 0-33.9l96.4-96.4-96.4-96.4c-9.4-9.4-9.4-24.6 0-33.9L54.3 103c9.4-9.4 24.6-9.4 33.9 0l136 136c9.5 9.4 9.5 24.6.1 34z\"><\/path><\/svg>                <\/a>\r\n            <\/div>\r\n            <\/div>\r\n\r\n    <\/div>\t\t<\/div>\r\n\r\n\t\t\t\t<\/div>\n\t\t\t\t<\/div>\n\t\t\t\t<\/div>\n\t\t<div class=\"no-position  elementor-element elementor-element-e5bccdb e-con-full e-flex e-con e-child\" data-id=\"e5bccdb\" data-element_type=\"container\" data-e-type=\"container\">\n\t\t\t\t<\/div>\n\t\t\t\t<\/div>\n\t\t\t\t<\/div>\n\t\t\t\t<\/div>\n\t\t\t\t<\/div>\n\t\t\t\t\t<\/div>\n\t\t\t\t<\/div>\n\t\t<div class=\"no-position  elementor-element elementor-element-75e01fb elementor-hidden-desktop elementor-hidden-laptop elementor-hidden-tablet elementor-hidden-mobile e-flex e-con-boxed e-con e-parent\" data-id=\"75e01fb\" data-element_type=\"container\" data-e-type=\"container\">\n\t\t\t\t\t<div class=\"e-con-inner\">\n\t\t<div class=\"no-position  elementor-element elementor-element-11da5a0 e-con-full e-flex e-con e-child\" data-id=\"11da5a0\" data-element_type=\"container\" data-e-type=\"container\">\n\t\t\t\t<div class=\"elementor-element elementor-element-f775c65 gsap-move-no rs-tween_max_btn-no elementor-widget elementor-widget-heading\" data-id=\"f775c65\" data-element_type=\"widget\" data-e-type=\"widget\" data-widget_type=\"heading.default\">\n\t\t\t\t\t<h2 class=\"elementor-heading-title elementor-size-default\">Overview<\/h2>\t\t\t\t<\/div>\n\t\t\t\t<div class=\"elementor-element elementor-element-5bc1657 gsap-move-no rs-tween_max_btn-no elementor-widget elementor-widget-video\" data-id=\"5bc1657\" data-element_type=\"widget\" data-e-type=\"widget\" data-settings=\"{&quot;youtube_url&quot;:&quot;https:\\\/\\\/www.youtube.com\\\/watch?v=XHOmBV4js_E&quot;,&quot;video_type&quot;:&quot;youtube&quot;,&quot;controls&quot;:&quot;yes&quot;}\" data-widget_type=\"video.default\">\n\t\t\t\t\t\t\t<div class=\"elementor-wrapper elementor-open-inline\">\n\t\t\t<div class=\"elementor-video\"><\/div>\t\t<\/div>\n\t\t\t\t\t\t<\/div>\n\t\t\t\t<\/div>\n\t\t\t\t\t<\/div>\n\t\t\t\t<\/div>\n\t\t\t\t<\/div>\n\t\t","protected":false},"excerpt":{"rendered":"<p>Entreprises Priv\u00e9es Am\u00e9liorer la s\u00e9curit\u00e9 d&rsquo;entreprise et le renseignement strat\u00e9gique. Nous donnons aux entreprises les moyens de renforcer leur s\u00e9curit\u00e9, de r\u00e9duire les risques et d\u2019anticiper les menaces multiples dans l\u2019\u00e9cosyst\u00e8me mondial complexe d\u2019aujourd\u2019hui.\u00a0 Nos plateformes, d\u00e9di\u00e9es au renseignement et aux enqu\u00eates d\u2019entreprise, permettent \u00e0 votre organisation de s\u00e9curiser son environnement en ma\u00eetrisant les risques&#8230;<\/p>\n","protected":false},"author":2,"featured_media":0,"parent":38341,"menu_order":0,"comment_status":"closed","ping_status":"closed","template":"","meta":{"footnotes":""},"class_list":["post-38374","page","type-page","status-publish","hentry"],"aioseo_notices":[],"_links":{"self":[{"href":"https:\/\/eulerds.com\/fr\/wp-json\/wp\/v2\/pages\/38374","targetHints":{"allow":["GET"]}}],"collection":[{"href":"https:\/\/eulerds.com\/fr\/wp-json\/wp\/v2\/pages"}],"about":[{"href":"https:\/\/eulerds.com\/fr\/wp-json\/wp\/v2\/types\/page"}],"author":[{"embeddable":true,"href":"https:\/\/eulerds.com\/fr\/wp-json\/wp\/v2\/users\/2"}],"replies":[{"embeddable":true,"href":"https:\/\/eulerds.com\/fr\/wp-json\/wp\/v2\/comments?post=38374"}],"version-history":[{"count":25,"href":"https:\/\/eulerds.com\/fr\/wp-json\/wp\/v2\/pages\/38374\/revisions"}],"predecessor-version":[{"id":40172,"href":"https:\/\/eulerds.com\/fr\/wp-json\/wp\/v2\/pages\/38374\/revisions\/40172"}],"up":[{"embeddable":true,"href":"https:\/\/eulerds.com\/fr\/wp-json\/wp\/v2\/pages\/38341"}],"wp:attachment":[{"href":"https:\/\/eulerds.com\/fr\/wp-json\/wp\/v2\/media?parent=38374"}],"curies":[{"name":"wp","href":"https:\/\/api.w.org\/{rel}","templated":true}]}}