{"id":38368,"date":"2025-07-14T13:24:45","date_gmt":"2025-07-14T13:24:45","guid":{"rendered":"https:\/\/eulerds.com\/industries\/banking-finance\/"},"modified":"2025-11-19T15:18:41","modified_gmt":"2025-11-19T15:18:41","slug":"banque-et-finance","status":"publish","type":"page","link":"https:\/\/eulerds.com\/fr\/nos-clients\/banque-et-finance\/","title":{"rendered":"Banque et Finance"},"content":{"rendered":"\t\t<div data-elementor-type=\"wp-page\" data-elementor-id=\"38368\" class=\"elementor elementor-38368 elementor-34889\" data-elementor-post-type=\"page\">\n\t\t\t\t<div class=\"no-position  elementor-element elementor-element-66ff1858 e-con-full e-flex e-con e-parent\" data-id=\"66ff1858\" data-element_type=\"container\" data-e-type=\"container\" data-settings=\"{&quot;background_background&quot;:&quot;classic&quot;}\">\n\t\t\t\t<div class=\"elementor-element elementor-element-153a38c7 elementor-absolute gsap-move-no rs-tween_max_btn-no elementor-widget elementor-widget-rs-image\" data-id=\"153a38c7\" data-element_type=\"widget\" data-e-type=\"widget\" data-settings=\"{&quot;_position&quot;:&quot;absolute&quot;}\" data-widget_type=\"rs-image.default\">\n\t\t\t\t<div class=\"elementor-widget-container\">\n\t\t\t\t\t\n        <div class=\"rs-image no ruler_image_no ruler_position_  \">\n                                                            <img decoding=\"async\" class=\"rs-multi-image  reverse- blend_unset\" src=\"http:\/\/techtlk.rstheme.com\/wp-content\/uploads\/2025\/01\/page-banner-shape-2.png\" alt=\"page-banner-shape-2\"\/>\n                                                                        <\/div>   \n          \n    \t\t\t\t<\/div>\n\t\t\t\t<\/div>\n\t\t\t\t<div class=\"elementor-element elementor-element-304628fc gsap-move-no rs-tween_max_btn-no elementor-widget elementor-widget-page-title\" data-id=\"304628fc\" data-element_type=\"widget\" data-e-type=\"widget\" data-widget_type=\"page-title.default\">\n\t\t\t\t<div class=\"elementor-widget-container\">\n\t\t\t\t\t\t\t\n\t\t<div class=\"hfe-page-title hfe-page-title-wrapper elementor-widget-heading\">\n\t\t\t\n\t\t\t<h1 class=\"elementor-heading-title elementor-size\">\n\t\t\t\tBanque et Finance\t\t\t<\/h1 > \n\n\t\t\t\t\t\t\t\t<\/div>\n\t\t\t\t\t\t<\/div>\n\t\t\t\t<\/div>\n\t\t\t\t<\/div>\n\t\t<div class=\"no-position  elementor-element elementor-element-52f49ef7 e-flex e-con-boxed e-con e-parent\" data-id=\"52f49ef7\" data-element_type=\"container\" data-e-type=\"container\" id=\"Services\">\n\t\t\t\t\t<div class=\"e-con-inner\">\n\t\t<div class=\"no-position  elementor-element elementor-element-f3ce9f1 e-con-full e-flex e-con e-child\" data-id=\"f3ce9f1\" data-element_type=\"container\" data-e-type=\"container\">\n\t\t\t\t<div class=\"elementor-element elementor-element-d92b642 gsap-move-no rs-tween_max_btn-no elementor-widget elementor-widget-heading\" data-id=\"d92b642\" data-element_type=\"widget\" data-e-type=\"widget\" data-widget_type=\"heading.default\">\n\t\t\t\t\t<h2 class=\"elementor-heading-title elementor-size-default\">Optimiser la performance des institutions financi\u00e8res gr\u00e2ce \u00e0 des outils d'enqu\u00eate de pointe et au renseignement strat\u00e9gique<\/h2>\t\t\t\t<\/div>\n\t\t\t\t<div class=\"elementor-element elementor-element-8acd2d4 gsap-move-no rs-tween_max_btn-no elementor-widget elementor-widget-text-editor\" data-id=\"8acd2d4\" data-element_type=\"widget\" data-e-type=\"widget\" data-widget_type=\"text-editor.default\">\n\t\t\t\t\t\t\t\t\t<p>Nous offrons aux banques et aux institutions financi\u00e8res des capacit\u00e9s avanc\u00e9es de corr\u00e9lation et d\u2019enqu\u00eate pour lutter contre la criminalit\u00e9 financi\u00e8re, renforcer la due diligence et enqu\u00eater sur la fraude.\u00a0<\/p><p>En ing\u00e9rant et en corr\u00e9lant des donn\u00e9es h\u00e9t\u00e9rog\u00e8nes provenant de sources telles que les dossiers KYC, les journaux de transactions, les SWIFT, l\u2019analyse comportementale et le renseignement de sources ouvertes, nous fournissons aux \u00e9quipes d\u2019enqu\u00eate une plateforme, \u00e0 la fois compl\u00e8te et unique<strong>, <\/strong>leur permettant d&rsquo;obtenir des informations exploitables.<\/p>\t\t\t\t\t\t\t\t<\/div>\n\t\t<div class=\"no-position  elementor-element elementor-element-a8d837f e-con-full e-flex e-con e-child\" data-id=\"a8d837f\" data-element_type=\"container\" data-e-type=\"container\">\n\t\t\t\t<div class=\"elementor-element elementor-element-7d0d7cb gsap-move-no rs-tween_max_btn-no elementor-widget elementor-widget-heading\" data-id=\"7d0d7cb\" data-element_type=\"widget\" data-e-type=\"widget\" data-widget_type=\"heading.default\">\n\t\t\t\t\t<h2 class=\"elementor-heading-title elementor-size-default\">Applications Principales<\/h2>\t\t\t\t<\/div>\n\t\t\t\t<\/div>\n\t\t<div class=\"no-position  elementor-element elementor-element-35acb91 e-con-full e-flex e-con e-child\" data-id=\"35acb91\" data-element_type=\"container\" data-e-type=\"container\">\n\t\t<div class=\"no-position  elementor-element elementor-element-806fdf7 e-con-full e-flex e-con e-child\" data-id=\"806fdf7\" data-element_type=\"container\" data-e-type=\"container\">\n\t\t<div class=\"no-position  elementor-element elementor-element-6bddfbb e-con-full e-flex e-con e-child\" data-id=\"6bddfbb\" data-element_type=\"container\" data-e-type=\"container\">\n\t\t\t\t<div class=\"elementor-element elementor-element-bb9d78a gsap-move-no rs-tween_max_btn-no elementor-widget elementor-widget-rs-service-grid\" data-id=\"bb9d78a\" data-element_type=\"widget\" data-e-type=\"widget\" data-widget_type=\"rs-service-grid.default\">\n\t\t\t\t<div class=\"elementor-widget-container\">\n\t\t\t\t\t\r\n\t\t<div class=\"rs-addon-services style1\">\r\n\t\t\t<div class=\"services-inner  box\">\r\n    \r\n    <div class=\"content_part\">\r\n\r\n                    <div class=\"media_wrap\">\r\n                                    \r\n                                            <div class=\"image_style media-cmn\">\r\n                            <img decoding=\"async\" src=\"https:\/\/eulerds.com\/wp-content\/uploads\/2025\/08\/Banki-investigations.png\" alt=\"image\" \/>\r\n                        <\/div>\r\n                                                <\/div>\r\n                            <div class=\"services-title\">\r\n                                    <h4 class=\"title\"> Enqu\u00eates bancaires et financi\u00e8res <\/h4>\r\n                            <\/div>\r\n        \r\n        \r\n        \r\n            <\/div>\r\n<\/div>\t\t<\/div>\r\n\r\n\t\t\t\t<\/div>\n\t\t\t\t<\/div>\n\t\t\t\t<\/div>\n\t\t<div class=\"no-position  elementor-element elementor-element-d0c56e0 e-con-full e-flex e-con e-child\" data-id=\"d0c56e0\" data-element_type=\"container\" data-e-type=\"container\">\n\t\t\t\t<div class=\"elementor-element elementor-element-63c22c1 gsap-move-no rs-tween_max_btn-no elementor-widget elementor-widget-rs-service-grid\" data-id=\"63c22c1\" data-element_type=\"widget\" data-e-type=\"widget\" data-widget_type=\"rs-service-grid.default\">\n\t\t\t\t<div class=\"elementor-widget-container\">\n\t\t\t\t\t\r\n\t\t<div class=\"rs-addon-services style1\">\r\n\t\t\t<div class=\"services-inner  box\">\r\n    \r\n    <div class=\"content_part\">\r\n\r\n                    <div class=\"media_wrap\">\r\n                                    \r\n                                            <div class=\"image_style media-cmn\">\r\n                            <img decoding=\"async\" src=\"https:\/\/eulerds.com\/wp-content\/uploads\/2025\/07\/AML.png\" alt=\"image\" \/>\r\n                        <\/div>\r\n                                                <\/div>\r\n                            <div class=\"services-title\">\r\n                                    <h4 class=\"title\"> Lutte contre le blanchiment d\u2019argent <\/h4>\r\n                            <\/div>\r\n        \r\n        \r\n        \r\n            <\/div>\r\n<\/div>\t\t<\/div>\r\n\r\n\t\t\t\t<\/div>\n\t\t\t\t<\/div>\n\t\t\t\t<\/div>\n\t\t<div class=\"no-position  elementor-element elementor-element-c223f6e e-con-full e-flex e-con e-child\" data-id=\"c223f6e\" data-element_type=\"container\" data-e-type=\"container\">\n\t\t\t\t<div class=\"elementor-element elementor-element-90fc1a6 gsap-move-no rs-tween_max_btn-no elementor-widget elementor-widget-rs-service-grid\" data-id=\"90fc1a6\" data-element_type=\"widget\" data-e-type=\"widget\" data-widget_type=\"rs-service-grid.default\">\n\t\t\t\t<div class=\"elementor-widget-container\">\n\t\t\t\t\t\r\n\t\t<div class=\"rs-addon-services style1\">\r\n\t\t\t<div class=\"services-inner  box\">\r\n    \r\n    <div class=\"content_part\">\r\n\r\n                    <div class=\"media_wrap\">\r\n                                    \r\n                                            <div class=\"image_style media-cmn\">\r\n                            <img decoding=\"async\" src=\"https:\/\/eulerds.com\/wp-content\/uploads\/2025\/07\/profiling-2-1.png\" alt=\"image\" \/>\r\n                        <\/div>\r\n                                                <\/div>\r\n                            <div class=\"services-title\">\r\n                                    <h4 class=\"title\"> Diligence raisonnable renforc\u00e9e <\/h4>\r\n                            <\/div>\r\n        \r\n        \r\n        \r\n            <\/div>\r\n<\/div>\t\t<\/div>\r\n\r\n\t\t\t\t<\/div>\n\t\t\t\t<\/div>\n\t\t\t\t<\/div>\n\t\t<div class=\"no-position  elementor-element elementor-element-f8c8895 e-con-full e-flex e-con e-child\" data-id=\"f8c8895\" data-element_type=\"container\" data-e-type=\"container\">\n\t\t\t\t<div class=\"elementor-element elementor-element-5d8b6e6 gsap-move-no rs-tween_max_btn-no elementor-widget elementor-widget-rs-service-grid\" data-id=\"5d8b6e6\" data-element_type=\"widget\" data-e-type=\"widget\" data-widget_type=\"rs-service-grid.default\">\n\t\t\t\t<div class=\"elementor-widget-container\">\n\t\t\t\t\t\r\n\t\t<div class=\"rs-addon-services style1\">\r\n\t\t\t<div class=\"services-inner  box\">\r\n    \r\n    <div class=\"content_part\">\r\n\r\n                    <div class=\"media_wrap\">\r\n                                    \r\n                                            <div class=\"image_style media-cmn\">\r\n                            <img decoding=\"async\" src=\"https:\/\/eulerds.com\/wp-content\/uploads\/2025\/08\/KYC.png\" alt=\"image\" \/>\r\n                        <\/div>\r\n                                                <\/div>\r\n                            <div class=\"services-title\">\r\n                                    <h4 class=\"title\"> Proc\u00e9dures KYC pour les d\u00e9partements de conformit\u00e9 <\/h4>\r\n                            <\/div>\r\n        \r\n        \r\n        \r\n            <\/div>\r\n<\/div>\t\t<\/div>\r\n\r\n\t\t\t\t<\/div>\n\t\t\t\t<\/div>\n\t\t\t\t<\/div>\n\t\t\t\t<\/div>\n\t\t<div class=\"no-position  elementor-element elementor-element-d3398a0 e-con-full e-flex e-con e-child\" data-id=\"d3398a0\" data-element_type=\"container\" data-e-type=\"container\">\n\t\t\t\t<div class=\"elementor-element elementor-element-ac0f0f4 gsap-move-no rs-tween_max_btn-no elementor-widget elementor-widget-heading\" data-id=\"ac0f0f4\" data-element_type=\"widget\" data-e-type=\"widget\" data-widget_type=\"heading.default\">\n\t\t\t\t\t<h2 class=\"elementor-heading-title elementor-size-default\">Nos Produits<\/h2>\t\t\t\t<\/div>\n\t\t<div class=\"no-position  elementor-element elementor-element-7cfefcd e-grid e-con-full e-con e-child\" data-id=\"7cfefcd\" data-element_type=\"container\" data-e-type=\"container\">\n\t\t<div class=\"no-position  elementor-element elementor-element-3034294 e-con-full e-flex e-con e-child\" data-id=\"3034294\" data-element_type=\"container\" data-e-type=\"container\">\n\t\t\t\t<div class=\"elementor-element elementor-element-ca9cd19 elementor-widget-tablet__width-initial elementor-widget-mobile__width-initial gsap-move-no rs-tween_max_btn-no elementor-widget elementor-widget-rs-service-grid\" data-id=\"ca9cd19\" data-element_type=\"widget\" data-e-type=\"widget\" data-widget_type=\"rs-service-grid.default\">\n\t\t\t\t<div class=\"elementor-widget-container\">\n\t\t\t\t\t\r\n\t\t<div class=\"rs-addon-services style13\">\r\n\t\t\t<div class=\"services-inner  link\">\r\n    \r\n    <div class=\"content_part\">\r\n        \r\n                    <div class=\"services-title\">\r\n                                    <h4 class=\"title\"> ENIGMA<\/h4>\r\n                            <\/div>\r\n        \r\n                    <div class=\"desc-text\">\r\n                Plateforme pour l'Investigation et le Renseignement Financier            <\/div>\r\n        \r\n        \r\n                    <div class=\"btn-part\">\r\n                                <a class=\"services-btn\" href=\"https:\/\/eulerds.com\/fr\/our-products\/enigma-pour-banques\/\" >\r\n                                        En Savoir Plus                                        <svg aria-hidden=\"true\" class=\"e-font-icon-svg e-fas-angle-right\" viewBox=\"0 0 256 512\" xmlns=\"http:\/\/www.w3.org\/2000\/svg\"><path d=\"M224.3 273l-136 136c-9.4 9.4-24.6 9.4-33.9 0l-22.6-22.6c-9.4-9.4-9.4-24.6 0-33.9l96.4-96.4-96.4-96.4c-9.4-9.4-9.4-24.6 0-33.9L54.3 103c9.4-9.4 24.6-9.4 33.9 0l136 136c9.5 9.4 9.5 24.6.1 34z\"><\/path><\/svg>                <\/a>\r\n            <\/div>\r\n            <\/div>\r\n\r\n    <\/div>\t\t<\/div>\r\n\r\n\t\t\t\t<\/div>\n\t\t\t\t<\/div>\n\t\t\t\t<\/div>\n\t\t\t\t<\/div>\n\t\t\t\t<\/div>\n\t\t\t\t<\/div>\n\t\t\t\t<\/div>\n\t\t\t\t\t<\/div>\n\t\t\t\t<\/div>\n\t\t<div class=\"no-position  elementor-element elementor-element-3ae1806f elementor-hidden-desktop elementor-hidden-laptop elementor-hidden-tablet elementor-hidden-mobile e-flex e-con-boxed e-con e-parent\" data-id=\"3ae1806f\" data-element_type=\"container\" data-e-type=\"container\" data-settings=\"{&quot;background_background&quot;:&quot;classic&quot;}\">\n\t\t\t\t\t<div class=\"e-con-inner\">\n\t\t<div class=\"no-position  elementor-element elementor-element-110d3cd e-con-full e-flex e-con e-child\" data-id=\"110d3cd\" data-element_type=\"container\" data-e-type=\"container\">\n\t\t\t\t<div class=\"elementor-element elementor-element-5f26279 gsap-move-no rs-tween_max_btn-no elementor-widget elementor-widget-heading\" data-id=\"5f26279\" data-element_type=\"widget\" data-e-type=\"widget\" data-widget_type=\"heading.default\">\n\t\t\t\t\t<h2 class=\"elementor-heading-title elementor-size-default\">Overview<\/h2>\t\t\t\t<\/div>\n\t\t\t\t<div class=\"elementor-element elementor-element-a9b8337 gsap-move-no rs-tween_max_btn-no elementor-widget elementor-widget-video\" data-id=\"a9b8337\" data-element_type=\"widget\" data-e-type=\"widget\" data-settings=\"{&quot;youtube_url&quot;:&quot;https:\\\/\\\/www.youtube.com\\\/watch?v=XHOmBV4js_E&quot;,&quot;video_type&quot;:&quot;youtube&quot;,&quot;controls&quot;:&quot;yes&quot;}\" data-widget_type=\"video.default\">\n\t\t\t\t\t\t\t<div class=\"elementor-wrapper elementor-open-inline\">\n\t\t\t<div class=\"elementor-video\"><\/div>\t\t<\/div>\n\t\t\t\t\t\t<\/div>\n\t\t\t\t<\/div>\n\t\t\t\t\t<\/div>\n\t\t\t\t<\/div>\n\t\t\t\t<\/div>\n\t\t","protected":false},"excerpt":{"rendered":"<p>Banque et Finance Optimiser la performance des institutions financi\u00e8res gr\u00e2ce \u00e0 des outils d&rsquo;enqu\u00eate de pointe et au renseignement strat\u00e9gique Nous offrons aux banques et aux institutions financi\u00e8res des capacit\u00e9s avanc\u00e9es de corr\u00e9lation et d\u2019enqu\u00eate pour lutter contre la criminalit\u00e9 financi\u00e8re, renforcer la due diligence et enqu\u00eater sur la fraude.\u00a0 En ing\u00e9rant et en corr\u00e9lant&#8230;<\/p>\n","protected":false},"author":2,"featured_media":0,"parent":38341,"menu_order":0,"comment_status":"closed","ping_status":"closed","template":"","meta":{"footnotes":""},"class_list":["post-38368","page","type-page","status-publish","hentry"],"aioseo_notices":[],"_links":{"self":[{"href":"https:\/\/eulerds.com\/fr\/wp-json\/wp\/v2\/pages\/38368","targetHints":{"allow":["GET"]}}],"collection":[{"href":"https:\/\/eulerds.com\/fr\/wp-json\/wp\/v2\/pages"}],"about":[{"href":"https:\/\/eulerds.com\/fr\/wp-json\/wp\/v2\/types\/page"}],"author":[{"embeddable":true,"href":"https:\/\/eulerds.com\/fr\/wp-json\/wp\/v2\/users\/2"}],"replies":[{"embeddable":true,"href":"https:\/\/eulerds.com\/fr\/wp-json\/wp\/v2\/comments?post=38368"}],"version-history":[{"count":23,"href":"https:\/\/eulerds.com\/fr\/wp-json\/wp\/v2\/pages\/38368\/revisions"}],"predecessor-version":[{"id":40175,"href":"https:\/\/eulerds.com\/fr\/wp-json\/wp\/v2\/pages\/38368\/revisions\/40175"}],"up":[{"embeddable":true,"href":"https:\/\/eulerds.com\/fr\/wp-json\/wp\/v2\/pages\/38341"}],"wp:attachment":[{"href":"https:\/\/eulerds.com\/fr\/wp-json\/wp\/v2\/media?parent=38368"}],"curies":[{"name":"wp","href":"https:\/\/api.w.org\/{rel}","templated":true}]}}