{"id":38237,"date":"2024-09-28T19:10:27","date_gmt":"2024-09-28T19:10:27","guid":{"rendered":"https:\/\/eulerds.com\/about-us\/"},"modified":"2025-11-19T12:53:23","modified_gmt":"2025-11-19T12:53:23","slug":"a-propos","status":"publish","type":"page","link":"https:\/\/eulerds.com\/fr\/a-propos\/","title":{"rendered":"\u00c0 Propos"},"content":{"rendered":"\t\t<div data-elementor-type=\"wp-page\" data-elementor-id=\"38237\" class=\"elementor elementor-38237 elementor-26\" data-elementor-post-type=\"page\">\n\t\t\t\t<div class=\"no-position  elementor-element elementor-element-1f15230 e-con-full e-flex e-con e-parent\" data-id=\"1f15230\" data-element_type=\"container\" data-e-type=\"container\" data-settings=\"{&quot;background_background&quot;:&quot;classic&quot;}\">\n\t\t\t\t<div class=\"elementor-element elementor-element-da7f186 gsap-move-no rs-tween_max_btn-no elementor-widget elementor-widget-page-title\" data-id=\"da7f186\" data-element_type=\"widget\" data-e-type=\"widget\" data-widget_type=\"page-title.default\">\n\t\t\t\t<div class=\"elementor-widget-container\">\n\t\t\t\t\t\t\t\n\t\t<div class=\"hfe-page-title hfe-page-title-wrapper elementor-widget-heading\">\n\t\t\t\n\t\t\t<h1 class=\"elementor-heading-title elementor-size\">\n\t\t\t\tPropulser l\u2019Intelligence. Explorer l\u2019Inconnu.\t\t\t<\/h1 > \n\n\t\t\t\t\t\t\t\t<\/div>\n\t\t\t\t\t\t<\/div>\n\t\t\t\t<\/div>\n\t\t\t\t<\/div>\n\t\t<div class=\"no-position  elementor-element elementor-element-2b156c1 e-grid e-con-boxed e-con e-parent\" data-id=\"2b156c1\" data-element_type=\"container\" data-e-type=\"container\">\n\t\t\t\t\t<div class=\"e-con-inner\">\n\t\t\t\t<div class=\"elementor-element elementor-element-3b9bb2f gsap-move-no rs-tween_max_btn-no elementor-widget elementor-widget-image\" data-id=\"3b9bb2f\" data-element_type=\"widget\" data-e-type=\"widget\" data-widget_type=\"image.default\">\n\t\t\t\t\t\t\t\t\t\t\t\t\t\t\t<img decoding=\"async\" src=\"https:\/\/eulerds.com\/wp-content\/uploads\/elementor\/thumbs\/Leonhard-Euler-ras4484ylt9fz6iglgfdma5u72n9uk351c95f9gcjs.png\" title=\"Leonhard Euler\" alt=\"Leonhard Euler\" loading=\"lazy\" \/>\t\t\t\t\t\t\t\t\t\t\t\t\t\t\t<\/div>\n\t\t<div class=\"no-position  elementor-element elementor-element-b40e191 e-grid e-con-full e-con e-child\" data-id=\"b40e191\" data-element_type=\"container\" data-e-type=\"container\">\n\t\t\t\t<div class=\"elementor-element elementor-element-db3ad6c gsap-move-no rs-tween_max_btn-no elementor-widget elementor-widget-heading\" data-id=\"db3ad6c\" data-element_type=\"widget\" data-e-type=\"widget\" data-widget_type=\"heading.default\">\n\t\t\t\t\t<h2 class=\"elementor-heading-title elementor-size-default\">Qui Nous Sommes<\/h2>\t\t\t\t<\/div>\n\t\t\t\t<div class=\"elementor-element elementor-element-35d7b6a gsap-move-no rs-tween_max_btn-no elementor-widget elementor-widget-text-editor\" data-id=\"35d7b6a\" data-element_type=\"widget\" data-e-type=\"widget\" data-widget_type=\"text-editor.default\">\n\t\t\t\t\t\t\t\t\t<p><strong>Euler Data Solutions<\/strong> a \u00e9t\u00e9 fond\u00e9e en 2021 par une \u00e9quipe de scientifiques et d\u2019experts du renseignement europ\u00e9ens.\u00a0Fort de d\u00e9cennies d\u2019exp\u00e9rience dans le domaine de la gestion du renseignement et des enqu\u00eates, nous \u00e9tions anim\u00e9s par une passion commune pour la mod\u00e9lisation des donn\u00e9es et les m\u00e9thodes d\u2019investigation de pointe.<\/p><p>L\u2019entreprise a \u00e9t\u00e9 fond\u00e9e et nomm\u00e9e en hommage \u00e0 Leonhard Euler, \u00e9minent math\u00e9maticien suisse et \u00e0 ses travaux de recherche, dont la Th\u00e9orie des graphes, sur laquelle reposent nos plateformes.<\/p><p>Nous accompagnons des clients dans le monde entier gr\u00e2ce \u00e0 une pr\u00e9sence internationale strat\u00e9gique : notre si\u00e8ge social en Suisse, notre laboratoire de R&amp;D en France (Bordeaux) et un centre de formation \u00e0 Duba\u00ef.<\/p><p>Gr\u00e2ce \u00e0 deux lev\u00e9es de fonds r\u00e9ussies, nous avons connu une croissance rapide et nos plateformes innovantes sont d\u00e9sormais utilis\u00e9es par des clients souverains \u00e0 travers le monde.<\/p><p>Nous int\u00e9grons en permanence les avanc\u00e9es les plus r\u00e9centes en mati\u00e8re d\u2019IA \u00e0 nos solutions afin de rester \u00e0 la pointe de l\u2019innovation.<\/p>\t\t\t\t\t\t\t\t<\/div>\n\t\t<div class=\"no-position  elementor-element elementor-element-c0378ec e-con-full e-flex e-con e-child\" data-id=\"c0378ec\" data-element_type=\"container\" data-e-type=\"container\">\n\t\t<div class=\"no-position  elementor-element elementor-element-740b9b6 e-con-full e-flex e-con e-child\" data-id=\"740b9b6\" data-element_type=\"container\" data-e-type=\"container\">\n\t\t\t\t<div class=\"elementor-element elementor-element-338a510 elementor-icon-list--layout-traditional elementor-list-item-link-full_width gsap-move-no rs-tween_max_btn-no elementor-widget elementor-widget-icon-list\" data-id=\"338a510\" data-element_type=\"widget\" data-e-type=\"widget\" data-widget_type=\"icon-list.default\">\n\t\t\t\t\t\t\t<ul class=\"elementor-icon-list-items\">\n\t\t\t\t\t\t\t<li class=\"elementor-icon-list-item\">\n\t\t\t\t\t\t\t\t\t\t\t<span class=\"elementor-icon-list-icon\">\n\t\t\t\t\t\t\t<svg aria-hidden=\"true\" class=\"e-font-icon-svg e-fas-user-graduate\" viewBox=\"0 0 448 512\" xmlns=\"http:\/\/www.w3.org\/2000\/svg\"><path d=\"M319.4 320.6L224 416l-95.4-95.4C57.1 323.7 0 382.2 0 454.4v9.6c0 26.5 21.5 48 48 48h352c26.5 0 48-21.5 48-48v-9.6c0-72.2-57.1-130.7-128.6-133.8zM13.6 79.8l6.4 1.5v58.4c-7 4.2-12 11.5-12 20.3 0 8.4 4.6 15.4 11.1 19.7L3.5 242c-1.7 6.9 2.1 14 7.6 14h41.8c5.5 0 9.3-7.1 7.6-14l-15.6-62.3C51.4 175.4 56 168.4 56 160c0-8.8-5-16.1-12-20.3V87.1l66 15.9c-8.6 17.2-14 36.4-14 57 0 70.7 57.3 128 128 128s128-57.3 128-128c0-20.6-5.3-39.8-14-57l96.3-23.2c18.2-4.4 18.2-27.1 0-31.5l-190.4-46c-13-3.1-26.7-3.1-39.7 0L13.6 48.2c-18.1 4.4-18.1 27.2 0 31.6z\"><\/path><\/svg>\t\t\t\t\t\t<\/span>\n\t\t\t\t\t\t\t\t\t\t<span class=\"elementor-icon-list-text\">Expertise<\/span>\n\t\t\t\t\t\t\t\t\t<\/li>\n\t\t\t\t\t\t\t\t<li class=\"elementor-icon-list-item\">\n\t\t\t\t\t\t\t\t\t\t\t<span class=\"elementor-icon-list-icon\">\n\t\t\t\t\t\t\t<svg aria-hidden=\"true\" class=\"e-font-icon-svg e-fas-fire-alt\" viewBox=\"0 0 448 512\" xmlns=\"http:\/\/www.w3.org\/2000\/svg\"><path d=\"M323.56 51.2c-20.8 19.3-39.58 39.59-56.22 59.97C240.08 73.62 206.28 35.53 168 0 69.74 91.17 0 209.96 0 281.6 0 408.85 100.29 512 224 512s224-103.15 224-230.4c0-53.27-51.98-163.14-124.44-230.4zm-19.47 340.65C282.43 407.01 255.72 416 226.86 416 154.71 416 96 368.26 96 290.75c0-38.61 24.31-72.63 72.79-130.75 6.93 7.98 98.83 125.34 98.83 125.34l58.63-66.88c4.14 6.85 7.91 13.55 11.27 19.97 27.35 52.19 15.81 118.97-33.43 153.42z\"><\/path><\/svg>\t\t\t\t\t\t<\/span>\n\t\t\t\t\t\t\t\t\t\t<span class=\"elementor-icon-list-text\">Passion<\/span>\n\t\t\t\t\t\t\t\t\t<\/li>\n\t\t\t\t\t\t<\/ul>\n\t\t\t\t\t\t<\/div>\n\t\t\t\t<\/div>\n\t\t<div class=\"no-position  elementor-element elementor-element-d949db3 e-con-full e-flex e-con e-child\" data-id=\"d949db3\" data-element_type=\"container\" data-e-type=\"container\">\n\t\t\t\t<div class=\"elementor-element elementor-element-5993316 elementor-icon-list--layout-traditional elementor-list-item-link-full_width gsap-move-no rs-tween_max_btn-no elementor-widget elementor-widget-icon-list\" data-id=\"5993316\" data-element_type=\"widget\" data-e-type=\"widget\" data-widget_type=\"icon-list.default\">\n\t\t\t\t\t\t\t<ul class=\"elementor-icon-list-items\">\n\t\t\t\t\t\t\t<li class=\"elementor-icon-list-item\">\n\t\t\t\t\t\t\t\t\t\t\t<span class=\"elementor-icon-list-icon\">\n\t\t\t\t\t\t\t<svg aria-hidden=\"true\" class=\"e-font-icon-svg e-fas-code-branch\" viewBox=\"0 0 384 512\" xmlns=\"http:\/\/www.w3.org\/2000\/svg\"><path d=\"M384 144c0-44.2-35.8-80-80-80s-80 35.8-80 80c0 36.4 24.3 67.1 57.5 76.8-.6 16.1-4.2 28.5-11 36.9-15.4 19.2-49.3 22.4-85.2 25.7-28.2 2.6-57.4 5.4-81.3 16.9v-144c32.5-10.2 56-40.5 56-76.3 0-44.2-35.8-80-80-80S0 35.8 0 80c0 35.8 23.5 66.1 56 76.3v199.3C23.5 365.9 0 396.2 0 432c0 44.2 35.8 80 80 80s80-35.8 80-80c0-34-21.2-63.1-51.2-74.6 3.1-5.2 7.8-9.8 14.9-13.4 16.2-8.2 40.4-10.4 66.1-12.8 42.2-3.9 90-8.4 118.2-43.4 14-17.4 21.1-39.8 21.6-67.9 31.6-10.8 54.4-40.7 54.4-75.9zM80 64c8.8 0 16 7.2 16 16s-7.2 16-16 16-16-7.2-16-16 7.2-16 16-16zm0 384c-8.8 0-16-7.2-16-16s7.2-16 16-16 16 7.2 16 16-7.2 16-16 16zm224-320c8.8 0 16 7.2 16 16s-7.2 16-16 16-16-7.2-16-16 7.2-16 16-16z\"><\/path><\/svg>\t\t\t\t\t\t<\/span>\n\t\t\t\t\t\t\t\t\t\t<span class=\"elementor-icon-list-text\">Technologie<\/span>\n\t\t\t\t\t\t\t\t\t<\/li>\n\t\t\t\t\t\t\t\t<li class=\"elementor-icon-list-item\">\n\t\t\t\t\t\t\t\t\t\t\t<span class=\"elementor-icon-list-icon\">\n\t\t\t\t\t\t\t<svg aria-hidden=\"true\" class=\"e-font-icon-svg e-far-eye\" viewBox=\"0 0 576 512\" xmlns=\"http:\/\/www.w3.org\/2000\/svg\"><path d=\"M288 144a110.94 110.94 0 0 0-31.24 5 55.4 55.4 0 0 1 7.24 27 56 56 0 0 1-56 56 55.4 55.4 0 0 1-27-7.24A111.71 111.71 0 1 0 288 144zm284.52 97.4C518.29 135.59 410.93 64 288 64S57.68 135.64 3.48 241.41a32.35 32.35 0 0 0 0 29.19C57.71 376.41 165.07 448 288 448s230.32-71.64 284.52-177.41a32.35 32.35 0 0 0 0-29.19zM288 400c-98.65 0-189.09-55-237.93-144C98.91 167 189.34 112 288 112s189.09 55 237.93 144C477.1 345 386.66 400 288 400z\"><\/path><\/svg>\t\t\t\t\t\t<\/span>\n\t\t\t\t\t\t\t\t\t\t<span class=\"elementor-icon-list-text\">Vision<\/span>\n\t\t\t\t\t\t\t\t\t<\/li>\n\t\t\t\t\t\t<\/ul>\n\t\t\t\t\t\t<\/div>\n\t\t\t\t<\/div>\n\t\t\t\t<\/div>\n\t\t\t\t<\/div>\n\t\t\t\t\t<\/div>\n\t\t\t\t<\/div>\n\t\t<div class=\"no-position  elementor-element elementor-element-9b376a0 e-flex e-con-boxed e-con e-parent\" data-id=\"9b376a0\" data-element_type=\"container\" data-e-type=\"container\" data-settings=\"{&quot;background_background&quot;:&quot;classic&quot;}\">\n\t\t\t\t\t<div class=\"e-con-inner\">\n\t\t\t\t<div class=\"elementor-element elementor-element-c0b7521 gsap-move-no rs-tween_max_btn-no elementor-widget elementor-widget-heading\" data-id=\"c0b7521\" data-element_type=\"widget\" data-e-type=\"widget\" data-widget_type=\"heading.default\">\n\t\t\t\t\t<h2 class=\"elementor-heading-title elementor-size-default\">Ce que Nous Faisons<\/h2>\t\t\t\t<\/div>\n\t\t<div class=\"no-position  elementor-element elementor-element-29d700f e-grid e-con-full e-con e-child\" data-id=\"29d700f\" data-element_type=\"container\" data-e-type=\"container\">\n\t\t\t\t<div class=\"elementor-element elementor-element-ddb6794 gsap-move-no rs-tween_max_btn-no elementor-widget elementor-widget-text-editor\" data-id=\"ddb6794\" data-element_type=\"widget\" data-e-type=\"widget\" data-widget_type=\"text-editor.default\">\n\t\t\t\t\t\t\t\t\t<p><span data-contrast=\"none\">Nous cr\u00e9ons des plateformes d&rsquo;investigation et de renseignement \u00ab\u00a0Big Data\u00a0\u00bb bas\u00e9es sur l&rsquo;IA.<\/span><span data-ccp-props=\"{&quot;201341983&quot;:0,&quot;335559739&quot;:240,&quot;335559740&quot;:276}\">\u00a0<\/span><\/p><p><span data-contrast=\"none\">Notre technologie combine le Big Data, les bases de donn\u00e9es graphes et l&rsquo;intelligence artificielle pour aider les organisations \u00e0 g\u00e9rer, investiguer et analyser de vastes ensembles de donn\u00e9es h\u00e9t\u00e9rog\u00e8nes.<\/span><span data-ccp-props=\"{&quot;201341983&quot;:0,&quot;335559739&quot;:240,&quot;335559740&quot;:276}\">\u00a0<\/span><\/p><p><span data-contrast=\"none\">Notre plateforme est s\u00e9curis\u00e9e d\u00e8s sa conception et enti\u00e8rement configurable, ce qui en fait la solution id\u00e9ale pour les clients souverains qui exigent le plus haut niveau de s\u00e9curit\u00e9 et de contr\u00f4le.<\/span><span data-ccp-props=\"{&quot;201341983&quot;:0,&quot;335559739&quot;:240,&quot;335559740&quot;:276}\">\u00a0<\/span><\/p>\t\t\t\t\t\t\t\t<\/div>\n\t\t\t\t<div class=\"elementor-element elementor-element-7becda6 gsap-move-no rs-tween_max_btn-no elementor-widget elementor-widget-image\" data-id=\"7becda6\" data-element_type=\"widget\" data-e-type=\"widget\" data-widget_type=\"image.default\">\n\t\t\t\t\t\t\t\t\t\t\t\t\t\t\t<img fetchpriority=\"high\" decoding=\"async\" width=\"640\" height=\"640\" src=\"https:\/\/eulerds.com\/wp-content\/uploads\/2025\/10\/data-life-cycle-fr-1024x1024.png\" class=\"attachment-large size-large wp-image-39417\" alt=\"\" srcset=\"https:\/\/eulerds.com\/wp-content\/uploads\/2025\/10\/data-life-cycle-fr-1024x1024.png 1024w, https:\/\/eulerds.com\/wp-content\/uploads\/2025\/10\/data-life-cycle-fr-300x300.png 300w, https:\/\/eulerds.com\/wp-content\/uploads\/2025\/10\/data-life-cycle-fr-150x150.png 150w, https:\/\/eulerds.com\/wp-content\/uploads\/2025\/10\/data-life-cycle-fr-768x768.png 768w, https:\/\/eulerds.com\/wp-content\/uploads\/2025\/10\/data-life-cycle-fr-500x500.png 500w, https:\/\/eulerds.com\/wp-content\/uploads\/2025\/10\/data-life-cycle-fr.png 1080w\" sizes=\"(max-width: 640px) 100vw, 640px\" \/>\t\t\t\t\t\t\t\t\t\t\t\t\t\t\t<\/div>\n\t\t\t\t<\/div>\n\t\t\t\t\t<\/div>\n\t\t\t\t<\/div>\n\t\t<div class=\"no-position  elementor-element elementor-element-4d32088 e-con-full e-flex e-con e-parent\" data-id=\"4d32088\" data-element_type=\"container\" data-e-type=\"container\">\n\t\t\t\t<div class=\"elementor-element elementor-element-985077c gsap-move-no rs-tween_max_btn-no elementor-widget elementor-widget-heading\" data-id=\"985077c\" data-element_type=\"widget\" data-e-type=\"widget\" data-widget_type=\"heading.default\">\n\t\t\t\t\t<h2 class=\"elementor-heading-title elementor-size-default\">Rencontrez Nos Experts<\/h2>\t\t\t\t<\/div>\n\t\t<div class=\"no-position  elementor-element elementor-element-447f960 e-con-full e-flex e-con e-child\" data-id=\"447f960\" data-element_type=\"container\" data-e-type=\"container\">\n\t\t\t\t<div class=\"elementor-element elementor-element-ca310cf elementor-widget-laptop__width-inherit gsap-move-no rs-tween_max_btn-no elementor-widget elementor-widget-rsteam-slider\" data-id=\"ca310cf\" data-element_type=\"widget\" data-e-type=\"widget\" data-widget_type=\"rsteam-slider.default\">\n\t\t\t\t<div class=\"elementor-widget-container\">\n\t\t\t\t\t\t\n\n\t\t<div class=\"rsaddon-unique-slider rs-team-slider rs-team team-slider-style9\">\n\n\t\t\t\t\t\t\t<div id=\"rsaddon-slick-slider-32811\" class=\"rs-addon-slider\" >\n\t\t\t\t\t\t\r\n<div class=\"team-item\">\r\n\t<div class=\"team-inner-wrap\">\r\n\t\t<div class=\"image-wrap\">\r\n\t\t\t<a class=\"pointer-events\" href=\"#\">\r\n\t\t\t\t<img decoding=\"async\" width=\"640\" height=\"611\" src=\"https:\/\/eulerds.com\/wp-content\/uploads\/2025\/07\/Assaad-1.jpg\" class=\"attachment-large size-large wp-post-image\" alt=\"\" srcset=\"https:\/\/eulerds.com\/wp-content\/uploads\/2025\/07\/Assaad-1.jpg 716w, https:\/\/eulerds.com\/wp-content\/uploads\/2025\/07\/Assaad-1-300x286.jpg 300w\" sizes=\"(max-width: 640px) 100vw, 640px\" \/>\t\t\t<\/a>\r\n\t\t\t<div class=\"plus_team\"> \r\n\t\t\t\t\t\t\t\t\t<div class=\"social-icons1\">\r\n\t\t\t\t\t\t<a href=\"https:\/\/www.linkedin.com\/in\/assaad-haber-5937a019?lipi=urnlipaged_flagship3_profile_view_base_contact_detailstxiktI3NQxuNobhIbxEQ\" class=\"social-icon\"><i class=\"ri-linkedin-fill\"><\/i><\/a>\t\t\t        <\/div>\r\n\t\t\t     \r\n\t\t\t\t<i class=\"ri-share-line\"><\/i>\r\n\t\t\t<\/div>\r\n\t\t<\/div>\t\r\n\t\t<div class=\"team-content\">\r\n\t\t\t<div class=\"inner-ctn\">\r\n\t\t\t  \t<h3 class=\"team-name\">\r\n\t\t\t\t\t<a class=\"first-word\" href=\"https:\/\/eulerds.com\/fr\/teams\/assaad-haber\/\" >Assaad Haber<\/a>\r\n\t\t\t\t<\/h3>\r\n\t\t\t\t<span class=\"team-title\">Directeur Avant-Vente \u2013 Assaad est un cadre sup\u00e9rieur reconnu. Fort de plus de 15 ans d\u2019exp\u00e9rience internationale dans le secteur des TIC (Technologies de l\u2019Information et de la Communication), il occupe aujourd\u2019hui le poste de Directeur Avant-Vente chez Euler Data Solutions, o\u00f9 il pilote les engagements strat\u00e9giques et soutient la croissance de l\u2019entreprise, en s\u2019appuyant sur un r\u00e9seau dynamique de partenaires et de revendeurs \u00e0 travers l\u2019Asie, le CCG (Gulf Cooperation Council) et l\u2019Afrique.<\/span>\r\n\t\t\t<\/div>\r\n\t\t<\/div>\t\t\t\t\t\r\n\t<\/div>\r\n<\/div>\r\n\r\n\t\r\n<div class=\"team-item\">\r\n\t<div class=\"team-inner-wrap\">\r\n\t\t<div class=\"image-wrap\">\r\n\t\t\t<a class=\"pointer-events\" href=\"#\">\r\n\t\t\t\t<img decoding=\"async\" width=\"640\" height=\"640\" src=\"https:\/\/eulerds.com\/wp-content\/uploads\/2025\/07\/cedric-2.jpeg\" class=\"attachment-large size-large wp-post-image\" alt=\"\" srcset=\"https:\/\/eulerds.com\/wp-content\/uploads\/2025\/07\/cedric-2.jpeg 1024w, https:\/\/eulerds.com\/wp-content\/uploads\/2025\/07\/cedric-2-300x300.jpeg 300w, https:\/\/eulerds.com\/wp-content\/uploads\/2025\/07\/cedric-2-150x150.jpeg 150w, https:\/\/eulerds.com\/wp-content\/uploads\/2025\/07\/cedric-2-768x768.jpeg 768w, https:\/\/eulerds.com\/wp-content\/uploads\/2025\/07\/cedric-2-500x500.jpeg 500w\" sizes=\"(max-width: 640px) 100vw, 640px\" \/>\t\t\t<\/a>\r\n\t\t\t<div class=\"plus_team\"> \r\n\t\t\t\t\t\t\t\t\t<div class=\"social-icons1\">\r\n\t\t\t\t\t\t<a href=\"https:\/\/www.linkedin.com\/in\/cedric-naudy-8266a6b1\/\" class=\"social-icon\"><i class=\"ri-linkedin-fill\"><\/i><\/a>\t\t\t        <\/div>\r\n\t\t\t     \r\n\t\t\t\t<i class=\"ri-share-line\"><\/i>\r\n\t\t\t<\/div>\r\n\t\t<\/div>\t\r\n\t\t<div class=\"team-content\">\r\n\t\t\t<div class=\"inner-ctn\">\r\n\t\t\t  \t<h3 class=\"team-name\">\r\n\t\t\t\t\t<a class=\"first-word\" href=\"https:\/\/eulerds.com\/fr\/teams\/cedric-naudy\/\" >Cedric Naudy<\/a>\r\n\t\t\t\t<\/h3>\r\n\t\t\t\t<span class=\"team-title\">Directeur G\u00e9n\u00e9ral \u2013 Fort de vingt ans d&#039;exp\u00e9rience dans la direction et la r\u00e9ussite de projets technologiques complexes \u00e0 l&#039;\u00e9chelle internationale, C\u00e9dric est un ing\u00e9nieur accompli, dipl\u00f4m\u00e9 de l&#039;\u00c9cole Nationale d&#039;Ing\u00e9nieurs de Brest (ENIB) : il a b\u00e2ti son expertise en \u00e9laborant des sp\u00e9cifications techniques de pointe pour des solutions gouvernementales et en pilotant des projets technologiques majeures pour des organisations mondiales. Sa double comp\u00e9tence \u2014 une expertise technique profonde alli\u00e9e \u00e0 un sens aigu des affaires \u2014 lui permet d\u2019occuper aujourd\u2019hui le poste de Directeur G\u00e9n\u00e9ral chez Euler Data Solutions. C\u00e9dric est Il est \u00e9galement en charge de diriger les initiatives commerciales aupr\u00e8s des principales institutions gouvernementales fran\u00e7aises et des grands comptes.<\/span>\r\n\t\t\t<\/div>\r\n\t\t<\/div>\t\t\t\t\t\r\n\t<\/div>\r\n<\/div>\r\n\r\n\t\r\n<div class=\"team-item\">\r\n\t<div class=\"team-inner-wrap\">\r\n\t\t<div class=\"image-wrap\">\r\n\t\t\t<a class=\"pointer-events\" href=\"#\">\r\n\t\t\t\t<img loading=\"lazy\" decoding=\"async\" width=\"640\" height=\"640\" src=\"https:\/\/eulerds.com\/wp-content\/uploads\/2024\/09\/herve-2.jpeg\" class=\"attachment-large size-large wp-post-image\" alt=\"\" srcset=\"https:\/\/eulerds.com\/wp-content\/uploads\/2024\/09\/herve-2.jpeg 1024w, https:\/\/eulerds.com\/wp-content\/uploads\/2024\/09\/herve-2-300x300.jpeg 300w, https:\/\/eulerds.com\/wp-content\/uploads\/2024\/09\/herve-2-150x150.jpeg 150w, https:\/\/eulerds.com\/wp-content\/uploads\/2024\/09\/herve-2-768x768.jpeg 768w, https:\/\/eulerds.com\/wp-content\/uploads\/2024\/09\/herve-2-500x500.jpeg 500w\" sizes=\"(max-width: 640px) 100vw, 640px\" \/>\t\t\t<\/a>\r\n\t\t\t<div class=\"plus_team\"> \r\n\t\t\t\t\t\t\t\t\t<div class=\"social-icons1\">\r\n\t\t\t\t\t\t<a href=\"https:\/\/www.linkedin.com\/in\/herve-serol-00a43163\/\" class=\"social-icon\"><i class=\"ri-linkedin-fill\"><\/i><\/a>\t\t\t        <\/div>\r\n\t\t\t     \r\n\t\t\t\t<i class=\"ri-share-line\"><\/i>\r\n\t\t\t<\/div>\r\n\t\t<\/div>\t\r\n\t\t<div class=\"team-content\">\r\n\t\t\t<div class=\"inner-ctn\">\r\n\t\t\t  \t<h3 class=\"team-name\">\r\n\t\t\t\t\t<a class=\"first-word\" href=\"https:\/\/eulerds.com\/fr\/teams\/herve-serol\/\" >Herve Serol<\/a>\r\n\t\t\t\t<\/h3>\r\n\t\t\t\t<span class=\"team-title\">Conseiller Strat\u00e9gique Principal \u2013 Apr\u00e8s une premi\u00e8re carri\u00e8re dans la fonction publique fran\u00e7aise au sein de diff\u00e9rents minist\u00e8res, Herv\u00e9 occupe le poste de Conseiller Principal, avec un focus sur les clients gouvernementaux \u00e0 l\u2019\u00e9chelle mondiale. Il met aujourd\u2019hui sa connaissance approfondie des r\u00e9seaux institutionnels au service d\u2019Euler Data Solutions, afin de soutenir comme acc\u00e9l\u00e9rer la strat\u00e9gie de d\u00e9veloppement du groupe aupr\u00e8s des diff\u00e9rentes organisations gouvernementales en Europe, dans le CCG (Gulf Cooperation Council) et en Afrique.<\/span>\r\n\t\t\t<\/div>\r\n\t\t<\/div>\t\t\t\t\t\r\n\t<\/div>\r\n<\/div>\r\n\r\n\t\r\n<div class=\"team-item\">\r\n\t<div class=\"team-inner-wrap\">\r\n\t\t<div class=\"image-wrap\">\r\n\t\t\t<a class=\"pointer-events\" href=\"#\">\r\n\t\t\t\t<img loading=\"lazy\" decoding=\"async\" width=\"640\" height=\"640\" src=\"https:\/\/eulerds.com\/wp-content\/uploads\/2024\/09\/alex-2.jpeg\" class=\"attachment-large size-large wp-post-image\" alt=\"\" srcset=\"https:\/\/eulerds.com\/wp-content\/uploads\/2024\/09\/alex-2.jpeg 1024w, https:\/\/eulerds.com\/wp-content\/uploads\/2024\/09\/alex-2-300x300.jpeg 300w, https:\/\/eulerds.com\/wp-content\/uploads\/2024\/09\/alex-2-150x150.jpeg 150w, https:\/\/eulerds.com\/wp-content\/uploads\/2024\/09\/alex-2-768x768.jpeg 768w, https:\/\/eulerds.com\/wp-content\/uploads\/2024\/09\/alex-2-500x500.jpeg 500w\" sizes=\"(max-width: 640px) 100vw, 640px\" \/>\t\t\t<\/a>\r\n\t\t\t<div class=\"plus_team\"> \r\n\t\t\t\t\t\t\t\t\t<div class=\"social-icons1\">\r\n\t\t\t\t\t\t<a href=\"https:\/\/www.linkedin.com\/in\/alexandre-taleb-70aa7480\/\" class=\"social-icon\"><i class=\"ri-linkedin-fill\"><\/i><\/a>\t\t\t        <\/div>\r\n\t\t\t     \r\n\t\t\t\t<i class=\"ri-share-line\"><\/i>\r\n\t\t\t<\/div>\r\n\t\t<\/div>\t\r\n\t\t<div class=\"team-content\">\r\n\t\t\t<div class=\"inner-ctn\">\r\n\t\t\t  \t<h3 class=\"team-name\">\r\n\t\t\t\t\t<a class=\"first-word\" href=\"https:\/\/eulerds.com\/fr\/teams\/alexandre-taleb\/\" >Alexandre Taleb<\/a>\r\n\t\t\t\t<\/h3>\r\n\t\t\t\t<span class=\"team-title\">Directeur du Design \u2013 Alexandre est un expert reconnu en architecture de syst\u00e8mes de renseignement avec plus de 25 ans d\u2019exp\u00e9rience internationale dans plus de 20 pays. Sp\u00e9cialiste des environnements critiques et complexes, il a mis \u00e0 profit sa passion pour la th\u00e9orie des graphes et les sciences de la d\u00e9cision (d\u00e9velopp\u00e9e lors de sa formation d\u2019ing\u00e9nieur \u00e0 l\u2019\u00c9cole Nationale des Ponts et Chauss\u00e9es \u00e0 Paris) pour concevoir des solutions \u00e0 forte valeur ajout\u00e9e. Au sein d\u2019Euler Data Solutions, il pilote la conception et la structuration de nos plateformes, en collaboration \u00e9troite avec les \u00e9quipes techniques et R&amp;D, afin de cr\u00e9er des produits innovants directement align\u00e9s sur les besoins de nos clients.<\/span>\r\n\t\t\t<\/div>\r\n\t\t<\/div>\t\t\t\t\t\r\n\t<\/div>\r\n<\/div>\r\n\r\n  \r\n\t\t\t\t<\/div>\n\t\t\t\n\t\t\t\n\t\t<div class=\"rsaddon-slider-conf wpsisac-hide\" data-conf=\"{&quot;slidesToShow&quot;:&quot;3&quot;,&quot;autoplaySpeed&quot;:3000,&quot;interval&quot;:3000,&quot;slidesToScroll&quot;:&quot;1&quot;,&quot;slider_autoplay&quot;:&quot;true&quot;,&quot;pauseOnHover&quot;:&quot;false&quot;,&quot;sliderDots&quot;:&quot;true&quot;,&quot;sliderNav&quot;:&quot;false&quot;,&quot;infinite&quot;:&quot;false&quot;,&quot;centerMode&quot;:&quot;false&quot;,&quot;col_lg&quot;:&quot;3&quot;,&quot;col_md&quot;:3,&quot;col_sm&quot;:&quot;2&quot;,&quot;col_xs&quot;:1}\"><\/div>\n\t<\/div>\n\n\t\n\t\t\t<script type=\"text\/javascript\"> \n\t\t\tjQuery(document).ready(function(){\n\t\t\t\tjQuery( '.rs-addon-slider' ).each(function( index ) {        \n\t\t\t\tvar slider_id       = jQuery(this).attr('id'); \n\t\t\t\tvar slider_conf     = jQuery.parseJSON( jQuery(this).closest('.rsaddon-unique-slider').find('.rsaddon-slider-conf').attr('data-conf'));\n\t\t\t\n\t\t\t\tif( typeof(slider_id) != 'undefined' && slider_id != '' ) {\n\t\t\t\tjQuery('#'+slider_id).not('.slick-initialized').slick({\n\t\t\t\tslidesToShow    : parseInt(slider_conf.col_lg),\n\t\t\t\tcenterMode      : (slider_conf.centerMode)  == \"true\" ? true : false,\n\t\t\t\tdots            : (slider_conf.sliderDots)  == \"true\" ? true : false,\n\t\t\t\tarrows          : (slider_conf.sliderNav) == \"true\" ? true : false,\n\t\t\t\tautoplay        : (slider_conf.slider_autoplay) == \"true\" ? true : false,\n\t\t\t\tslidesToScroll  : parseInt(slider_conf.slidesToScroll),\n\t\t\t\tcenterPadding   : '15px',\n\t\t\t\tautoplaySpeed   : parseInt(slider_conf.autoplaySpeed),\n\t\t\t\tpauseOnHover    : (slider_conf.pauseOnHover) == \"true\" ? true : false,\n\t\t\t\tloop : false,\n\t\t\t\trtl: false,\n\n\t\t\t\tresponsive: [{\n\t\t\t\t\tbreakpoint: 1200,\n\t\t\t\t\tsettings: {\n\t\t\t\t\t\tslidesToShow: parseInt(slider_conf.col_md),\n\t\t\t\t\t}\n\t\t\t\t}, \n\t\t\t\t{\n\t\t\t\t\tbreakpoint: 992,\n\t\t\t\t\tsettings: {\n\t\t\t\t\t\tslidesToShow: parseInt(slider_conf.col_sm),\n\t\t\t\t\t}\n\t\t\t\t}, \n\t\t\t\t{\n\t\t\t\t\tbreakpoint: 768,\n\t\t\t\t\tsettings: {\n\t\t\t\t\t\tarrows: false,\n\t\t\t\t\t\tslidesToShow: parseInt(slider_conf.col_xs),\n\t\t\t\t\t}\n\t\t\t\t}, ]\n\t\t\t\t});\n\t\t\t}\n\t\t\n\t\t\t});\n\t\t});\n\t\t<\/script>\n    \n    \n\t\t\t\t\t<\/div>\n\t\t\t\t<\/div>\n\t\t\t\t<\/div>\n\t\t\t\t<\/div>\n\t\t\t\t<\/div>\n\t\t","protected":false},"excerpt":{"rendered":"<p>Propulser l\u2019Intelligence. Explorer l\u2019Inconnu. Qui Nous Sommes Euler Data Solutions a \u00e9t\u00e9 fond\u00e9e en 2021 par une \u00e9quipe de scientifiques et d\u2019experts du renseignement europ\u00e9ens.\u00a0Fort de d\u00e9cennies d\u2019exp\u00e9rience dans le domaine de la gestion du renseignement et des enqu\u00eates, nous \u00e9tions anim\u00e9s par une passion commune pour la mod\u00e9lisation des donn\u00e9es et les m\u00e9thodes d\u2019investigation&#8230;<\/p>\n","protected":false},"author":2,"featured_media":0,"parent":0,"menu_order":0,"comment_status":"closed","ping_status":"closed","template":"","meta":{"footnotes":""},"class_list":["post-38237","page","type-page","status-publish","hentry"],"aioseo_notices":[],"_links":{"self":[{"href":"https:\/\/eulerds.com\/fr\/wp-json\/wp\/v2\/pages\/38237","targetHints":{"allow":["GET"]}}],"collection":[{"href":"https:\/\/eulerds.com\/fr\/wp-json\/wp\/v2\/pages"}],"about":[{"href":"https:\/\/eulerds.com\/fr\/wp-json\/wp\/v2\/types\/page"}],"author":[{"embeddable":true,"href":"https:\/\/eulerds.com\/fr\/wp-json\/wp\/v2\/users\/2"}],"replies":[{"embeddable":true,"href":"https:\/\/eulerds.com\/fr\/wp-json\/wp\/v2\/comments?post=38237"}],"version-history":[{"count":27,"href":"https:\/\/eulerds.com\/fr\/wp-json\/wp\/v2\/pages\/38237\/revisions"}],"predecessor-version":[{"id":40132,"href":"https:\/\/eulerds.com\/fr\/wp-json\/wp\/v2\/pages\/38237\/revisions\/40132"}],"wp:attachment":[{"href":"https:\/\/eulerds.com\/fr\/wp-json\/wp\/v2\/media?parent=38237"}],"curies":[{"name":"wp","href":"https:\/\/api.w.org\/{rel}","templated":true}]}}